{"id":10810,"date":"2026-02-11T21:35:04","date_gmt":"2026-02-11T21:35:04","guid":{"rendered":"https:\/\/jazzegypttours.com\/?post_type=product&#038;p=10810"},"modified":"2026-02-11T21:45:00","modified_gmt":"2026-02-11T21:45:00","slug":"hurghada-mini-egypt-park","status":"publish","type":"product","link":"https:\/\/jazzegypttours.com\/ro\/produs\/hurghada-mini-egypt-park\/","title":{"rendered":"Hurghada: Mini Egypt Park Entry Ticket, Tour, and Transfers"},"content":{"rendered":"<div class=\"z-layout\" data-v-266e4934=\"\">\n<h2 id=\"adp-about-this-activity-text\" class=\"text-atom text-atom--title-3 text-atom\" data-block-id=\"adp-about-this-activity-text\" data-v-266e4934=\"\" data-v-25a6f21d=\"\" data-v-4533c707=\"\"><span class=\"\" data-v-4533c707=\"\">About this activity<\/span><\/h2>\n<h3><span class=\"text-atom text-atom--body-strong\" data-v-527ba4e4=\"\" data-v-4533c707=\"\"><span class=\"\" data-v-4533c707=\"\">Free cancellation<\/span><\/span><\/h3>\n<div id=\"icon-label-highlightCancellationPolicy\" class=\"key-detail-item-block\" data-v-527ba4e4=\"\" data-block-id=\"icon-label-highlightCancellationPolicy\"><span class=\"text-atom text-atom--caption\" data-v-527ba4e4=\"\" data-v-4533c707=\"\"><span class=\"\" data-v-4533c707=\"\">Anuleaz\u0103 cu p\u00e2n\u0103 la 24 de ore \u00een avans pentru o rambursare integral\u0103.<\/span><\/span><\/div>\n<h3 id=\"icon-label-reserveNowPayLaterInformation\" class=\"key-detail-item-block\" data-block-id=\"icon-label-reserveNowPayLaterInformation\"><span class=\"text-atom text-atom--body-strong\" data-v-527ba4e4=\"\" data-v-4533c707=\"\"><span class=\"\" data-v-4533c707=\"\">Reserve now &amp; pay later<\/span><\/span><\/h3>\n<div id=\"icon-label-reserveNowPayLaterInformation\" class=\"key-detail-item-block\" data-v-527ba4e4=\"\" data-block-id=\"icon-label-reserveNowPayLaterInformation\"><span class=\"text-atom text-atom--caption\" data-v-527ba4e4=\"\" data-v-4533c707=\"\"><span class=\"\" data-v-4533c707=\"\">Keep your travel plans flexible \u2014 book your spot and pay nothing today.<\/span><\/span><\/div>\n<h3 id=\"icon-label-duration\" class=\"key-detail-item-block\" data-block-id=\"icon-label-duration\"><span class=\"text-atom text-atom--body-strong\" data-v-527ba4e4=\"\" data-v-4533c707=\"\"><span class=\"\" data-v-4533c707=\"\">Duration 3 hours<\/span><\/span><\/h3>\n<div id=\"icon-label-duration\" class=\"key-detail-item-block\" data-v-527ba4e4=\"\" data-block-id=\"icon-label-duration\"><span class=\"text-atom text-atom--caption\" data-v-527ba4e4=\"\" data-v-4533c707=\"\"><span class=\"\" data-v-4533c707=\"\">Check availability to see starting times<\/span><\/span><\/div>\n<div id=\"icon-label-skipTheLine\" class=\"key-detail-item-block\" data-v-527ba4e4=\"\" data-block-id=\"icon-label-skipTheLine\">\n<h3 id=\"icon-label-skipTheLine\" class=\"key-detail-item-block\" data-block-id=\"icon-label-skipTheLine\"><span class=\"text-atom text-atom--body-strong\" data-v-527ba4e4=\"\" data-v-4533c707=\"\"><span class=\"\" data-v-4533c707=\"\">Skip the ticket line<\/span><\/span><\/h3>\n<h3><span class=\"text-atom text-atom--body-strong\" data-v-527ba4e4=\"\" data-v-4533c707=\"\"><span class=\"\" data-v-4533c707=\"\">Live tour guide<\/span><\/span><\/h3>\n<div id=\"icon-label-tourGuides\" class=\"key-detail-item-block\" data-v-527ba4e4=\"\" data-block-id=\"icon-label-tourGuides\"><span class=\"text-atom text-atom--caption\" data-v-527ba4e4=\"\" data-v-4533c707=\"\"><span class=\"\" data-v-4533c707=\"\">English, Arabic, German, Russian, Romanian\u00a0<\/span><\/span><\/div>\n<h3 data-block-id=\"icon-label-tourGuides\"><span class=\"text-atom text-atom--body-strong\" data-v-527ba4e4=\"\" data-v-4533c707=\"\"><span class=\"\" data-v-4533c707=\"\">Pickup included<\/span><\/span><\/h3>\n<div id=\"icon-label-pickupInformation\" class=\"key-detail-item-block\" data-v-527ba4e4=\"\" data-block-id=\"icon-label-pickupInformation\"><span class=\"text-atom text-atom--caption\" data-v-527ba4e4=\"\" data-v-4533c707=\"\"><span class=\"\" data-v-4533c707=\"\">Wait for the minibus at the hotel reception. In some hotels you will have to wait outside the car entrance gate as per hotel policy.<\/span><\/span><\/div>\n<div data-v-527ba4e4=\"\" data-block-id=\"icon-label-pickupInformation\">\n<div id=\"row-highlights-point-header-content\" class=\"row container\" data-v-618ead3b=\"\" data-block-id=\"row-highlights-point-header-content\">\n<div class=\"row__column__wrapper\" data-v-618ead3b=\"\">\n<div class=\"row__column\" data-v-618ead3b=\"\">\n<div class=\"z-layout\" data-v-266e4934=\"\">\n<h2 id=\"highlights-point-header-text\" class=\"text-atom text-atom--title-3 text-atom\" data-block-id=\"highlights-point-header-text\" data-v-266e4934=\"\" data-v-25a6f21d=\"\" data-v-4533c707=\"\"><span class=\"\" data-v-4533c707=\"\">Highlights<\/span><\/h2>\n<\/div>\n<\/div>\n<\/div>\n<div class=\"row__column__wrapper\" data-v-618ead3b=\"\">\n<div class=\"row__column\" data-v-618ead3b=\"\">\n<div id=\"highlights-point\" class=\"text-list-block\" data-v-04fa1704=\"\" data-block-id=\"highlights-point\">\n<section class=\"toggle-content\" data-v-04fa1704=\"\" data-v-e761f4af=\"\">\n<div class=\"toggle-content__content\" data-v-e761f4af=\"\">\n<ul data-test-id=\"text-list-block-list\" data-v-04fa1704=\"\">\n<li data-v-04fa1704=\"\"><span class=\"text-atom text-atom--body\" data-v-04fa1704=\"\" data-v-4533c707=\"\"><span class=\"\" data-v-4533c707=\"\">Discover 55 of Egypt\u2019s most famous landmarks, all in miniature size<\/span><\/span><\/li>\n<li data-v-04fa1704=\"\"><span class=\"text-atom text-atom--body\" data-v-04fa1704=\"\" data-v-4533c707=\"\"><span class=\"\" data-v-4533c707=\"\">Learn about Egyptian history and culture from your private guide<\/span><\/span><\/li>\n<li data-v-04fa1704=\"\"><span class=\"text-atom text-atom--body\" data-v-04fa1704=\"\" data-v-4533c707=\"\"><span class=\"\" data-v-4533c707=\"\">Relax with air-conditioned minibus transfers to and from your hotel<\/span><\/span><\/li>\n<\/ul>\n<\/div>\n<\/section>\n<\/div>\n<\/div>\n<\/div>\n<\/div>\n<div id=\"highlights-point-bottom-spacer\" class=\"container\" data-block-id=\"highlights-point-bottom-spacer\"><\/div>\n<div class=\"z-layout\" data-v-266e4934=\"\">\n<div id=\"additional-details-separator-1-rectangle\" class=\"z-layout\" data-block-id=\"additional-details-separator-1-rectangle\" data-v-266e4934=\"\"><\/div>\n<\/div>\n<div id=\"full-description-top-spacer\" class=\"container\" data-block-id=\"full-description-top-spacer\"><\/div>\n<div id=\"row-full-description-header-content\" class=\"row container\" data-v-618ead3b=\"\" data-block-id=\"row-full-description-header-content\">\n<div class=\"row__column__wrapper\" data-v-618ead3b=\"\">\n<div class=\"row__column\" data-v-618ead3b=\"\">\n<div class=\"z-layout\" data-v-266e4934=\"\">\n<h2 id=\"full-description-header-text\" class=\"text-atom text-atom--title-3 text-atom\" data-block-id=\"full-description-header-text\" data-v-266e4934=\"\" data-v-25a6f21d=\"\" data-v-4533c707=\"\"><span class=\"\" data-v-4533c707=\"\">Full description<\/span><\/h2>\n<\/div>\n<\/div>\n<\/div>\n<div class=\"row__column__wrapper\" data-v-618ead3b=\"\">\n<div class=\"row__column\" data-v-618ead3b=\"\">\n<div id=\"full-description-text-list\" class=\"text-list-block\" data-v-04fa1704=\"\" data-block-id=\"full-description-text-list\">\n<section class=\"toggle-content\" data-v-04fa1704=\"\" data-v-e761f4af=\"\">\n<div class=\"toggle-content__content toggle-content__content--expanded toggle-content__content--packable\" data-v-e761f4af=\"\">\n<p>See some of Egypt&#8217;s most iconic landmarks in miniature versions on a guided tour of Hurghada&#8217;s Mini Egypt Park for all ages. Get a comprehensive look into the history of over 55 sites. Enjoy the added perk of included entry tickets and round-trip transportation.<\/p>\n<p>Following hotel pickup, travel to Mini Park Egypt and meet your guide who will lead you through the various miniature exhibitions. Thanks to all the iconic sights of Egypt being in one place, you can see more of Egypt in less time at the museum.<\/p>\n<p>Walk between Luxor, Giza, and Cairo in just a few steps. Visit the Abu Simbel Temple and the High Dam at Aswan before arriving at legendary Luxor with its famous Karnak Temple. Head towards Giza to admire the miraculous Pyramids and talk to the Sphinx.<\/p>\n<p>Find the Egyptian Museum in Cairo at the famous Tahrir Square and discover the road toward Alexandria. Crossing the Stanley Bridge, check out out the Roman amphitheater and the luxurious El Montazah Palace. After the conclusion of the tour, enjoy a ride back to your accommodation.<\/p>\n<\/div>\n<\/section>\n<\/div>\n<\/div>\n<\/div>\n<\/div>\n<\/div>\n<div id=\"icon-label-wheelchairAccess\" class=\"key-detail-item-block\" data-v-527ba4e4=\"\" data-block-id=\"icon-label-wheelchairAccess\"><\/div>\n<div id=\"icon-label-pickupInformation\" class=\"key-detail-item-block\" data-v-527ba4e4=\"\" data-block-id=\"icon-label-pickupInformation\"><\/div>\n<div id=\"icon-label-tourGuides\" class=\"key-detail-item-block\" data-v-527ba4e4=\"\" data-block-id=\"icon-label-tourGuides\"><\/div>\n<\/div>\n<\/div>","protected":false},"excerpt":{"rendered":"<div class=\"z-layout\" data-v-266e4934=\"\"><span id=\"short-description-adp-text\" class=\"text-atom text-atom--body text-atom\" data-block-id=\"short-description-adp-text\" data-v-266e4934=\"\" data-v-25a6f21d=\"\" data-v-4533c707=\"\"><span class=\"\" data-v-4533c707=\"\">Discover historic Egyptian landmarks in miniature form at the Mini Egypt Park.<\/span><\/span><\/div>","protected":false},"featured_media":10814,"comment_status":"open","ping_status":"closed","template":"","meta":[],"product_brand":[],"product_cat":[136,122],"product_tag":[],"class_list":{"0":"post-10810","1":"product","2":"type-product","3":"status-publish","4":"has-post-thumbnail","6":"product_cat-hurghada-excursions","7":"product_cat-makadi-bay","9":"first","10":"instock","11":"shipping-taxable","12":"purchasable","13":"product-type-ovabrw_car_rental"},"_links":{"self":[{"href":"https:\/\/jazzegypttours.com\/ro\/wp-json\/wp\/v2\/product\/10810","targetHints":{"allow":["GET"]}}],"collection":[{"href":"https:\/\/jazzegypttours.com\/ro\/wp-json\/wp\/v2\/product"}],"about":[{"href":"https:\/\/jazzegypttours.com\/ro\/wp-json\/wp\/v2\/types\/product"}],"replies":[{"embeddable":true,"href":"https:\/\/jazzegypttours.com\/ro\/wp-json\/wp\/v2\/comments?post=10810"}],"wp:featuredmedia":[{"embeddable":true,"href":"https:\/\/jazzegypttours.com\/ro\/wp-json\/wp\/v2\/media\/10814"}],"wp:attachment":[{"href":"https:\/\/jazzegypttours.com\/ro\/wp-json\/wp\/v2\/media?parent=10810"}],"wp:term":[{"taxonomy":"product_brand","embeddable":true,"href":"https:\/\/jazzegypttours.com\/ro\/wp-json\/wp\/v2\/product_brand?post=10810"},{"taxonomy":"product_cat","embeddable":true,"href":"https:\/\/jazzegypttours.com\/ro\/wp-json\/wp\/v2\/product_cat?post=10810"},{"taxonomy":"product_tag","embeddable":true,"href":"https:\/\/jazzegypttours.com\/ro\/wp-json\/wp\/v2\/product_tag?post=10810"}],"curies":[{"name":"wp","href":"https:\/\/api.w.org\/{rel}","templated":true}]}}