{"id":10626,"date":"2026-02-07T19:40:16","date_gmt":"2026-02-07T19:40:16","guid":{"rendered":"https:\/\/jazzegypttours.com\/?post_type=product&#038;p=10626"},"modified":"2026-02-09T13:08:19","modified_gmt":"2026-02-09T13:08:19","slug":"hurghada-city-tour-private","status":"publish","type":"product","link":"https:\/\/jazzegypttours.com\/ro\/produs\/hurghada-city-tour-private\/","title":{"rendered":"Hurghada city tour, private tour"},"content":{"rendered":"<div class=\"z-layout\" data-v-266e4934=\"\">\n<h2 id=\"adp-about-this-activity-text\" class=\"text-atom text-atom--title-3 text-atom\" data-block-id=\"adp-about-this-activity-text\" data-v-266e4934=\"\" data-v-25a6f21d=\"\" data-v-4533c707=\"\"><span class=\"\" data-v-4533c707=\"\">About this activity<\/span><\/h2>\n<h3><span class=\"text-atom text-atom--body-strong\" data-v-527ba4e4=\"\" data-v-4533c707=\"\"><span class=\"\" data-v-4533c707=\"\">Free cancellation<\/span><\/span><\/h3>\n<div id=\"icon-label-highlightCancellationPolicy\" class=\"key-detail-item-block\" data-v-527ba4e4=\"\" data-block-id=\"icon-label-highlightCancellationPolicy\"><span class=\"text-atom text-atom--caption\" data-v-527ba4e4=\"\" data-v-4533c707=\"\"><span class=\"\" data-v-4533c707=\"\">Anuleaz\u0103 cu p\u00e2n\u0103 la 24 de ore \u00een avans pentru o rambursare integral\u0103.<\/span><\/span><\/div>\n<h3 id=\"icon-label-reserveNowPayLaterInformation\" class=\"key-detail-item-block\" data-block-id=\"icon-label-reserveNowPayLaterInformation\"><span class=\"text-atom text-atom--body-strong\" data-v-527ba4e4=\"\" data-v-4533c707=\"\"><span class=\"\" data-v-4533c707=\"\">Reserve now &amp; pay later<\/span><\/span><\/h3>\n<div id=\"icon-label-reserveNowPayLaterInformation\" class=\"key-detail-item-block\" data-v-527ba4e4=\"\" data-block-id=\"icon-label-reserveNowPayLaterInformation\"><span class=\"text-atom text-atom--caption\" data-v-527ba4e4=\"\" data-v-4533c707=\"\"><span class=\"\" data-v-4533c707=\"\">Keep your travel plans flexible \u2014 book your spot and pay nothing today.<\/span><\/span><\/div>\n<h3 id=\"icon-label-duration\" class=\"key-detail-item-block\" data-block-id=\"icon-label-duration\"><span class=\"text-atom text-atom--body-strong\" data-v-527ba4e4=\"\" data-v-4533c707=\"\"><span class=\"\" data-v-4533c707=\"\">Duration 3 hours<\/span><\/span><\/h3>\n<div id=\"icon-label-duration\" class=\"key-detail-item-block\" data-v-527ba4e4=\"\" data-block-id=\"icon-label-duration\"><span class=\"text-atom text-atom--caption\" data-v-527ba4e4=\"\" data-v-4533c707=\"\"><span class=\"\" data-v-4533c707=\"\">Check availability to see starting times<\/span><\/span><\/div>\n<h3 id=\"icon-label-tourGuides\" class=\"key-detail-item-block\" data-block-id=\"icon-label-tourGuides\"><span class=\"text-atom text-atom--body-strong\" data-v-527ba4e4=\"\" data-v-4533c707=\"\"><span class=\"\" data-v-4533c707=\"\">Live tour guide<\/span><\/span><\/h3>\n<div id=\"icon-label-tourGuides\" class=\"key-detail-item-block\" data-v-527ba4e4=\"\" data-block-id=\"icon-label-tourGuides\"><span class=\"text-atom text-atom--caption\" data-v-527ba4e4=\"\" data-v-4533c707=\"\"><span class=\"\" data-v-4533c707=\"\">English, German, Italian, French, Romanian<\/span><\/span><\/div>\n<h3 class=\"key-detail-item-block\" data-block-id=\"icon-label-tourGuides\"><span class=\"text-atom text-atom--caption\" data-v-527ba4e4=\"\" data-v-4533c707=\"\"><span class=\"\" data-v-4533c707=\"\"><span class=\"text-atom text-atom--body-strong\" data-v-527ba4e4=\"\" data-v-4533c707=\"\">Pickup included<\/span>\u00a0<\/span><\/span><\/h3>\n<div id=\"icon-label-pickupInformation\" class=\"key-detail-item-block\" data-v-527ba4e4=\"\" data-block-id=\"icon-label-pickupInformation\"><span class=\"text-atom text-atom--caption\" data-v-527ba4e4=\"\" data-v-4533c707=\"\"><span class=\"\" data-v-4533c707=\"\">We&#8217;ll pick you up from any hotel in Hurghada<\/span><\/span><\/div>\n<div id=\"icon-label-smallGroup\" class=\"key-detail-item-block\" data-v-527ba4e4=\"\" data-block-id=\"icon-label-smallGroup\">\n<h3 id=\"icon-label-smallGroup\" class=\"key-detail-item-block\" data-block-id=\"icon-label-smallGroup\"><span class=\"text-atom text-atom--body-strong\" data-v-527ba4e4=\"\" data-v-4533c707=\"\"><span class=\"\" data-v-4533c707=\"\">Private group<\/span><\/span><\/h3>\n<h3 id=\"icon-label-transportationScoreThumbsUp\" class=\"key-detail-item-block\" data-block-id=\"icon-label-transportationScoreThumbsUp\"><span class=\"text-atom text-atom--body-strong\" data-v-527ba4e4=\"\" data-v-4533c707=\"\"><span class=\"\" data-v-4533c707=\"\">Highly-rated transport<\/span><\/span><\/h3>\n<div id=\"icon-label-transportationScoreThumbsUp\" class=\"key-detail-item-block\" data-v-527ba4e4=\"\" data-block-id=\"icon-label-transportationScoreThumbsUp\"><span class=\"text-atom text-atom--caption\" data-v-527ba4e4=\"\" data-v-4533c707=\"\"><span class=\"\" data-v-4533c707=\"\">90% of reviewers gave it a perfect score<\/span><\/span><\/div>\n<div data-v-527ba4e4=\"\" data-block-id=\"icon-label-transportationScoreThumbsUp\"><\/div>\n<div data-v-527ba4e4=\"\" data-block-id=\"icon-label-transportationScoreThumbsUp\">\n<div id=\"row-highlights-point-header-content\" class=\"row container\" data-v-618ead3b=\"\" data-block-id=\"row-highlights-point-header-content\">\n<div class=\"row__column__wrapper\" data-v-618ead3b=\"\">\n<div class=\"row__column\" data-v-618ead3b=\"\">\n<div class=\"z-layout\" data-v-266e4934=\"\">\n<h2 id=\"highlights-point-header-text\" class=\"text-atom text-atom--title-3 text-atom\" data-block-id=\"highlights-point-header-text\" data-v-266e4934=\"\" data-v-25a6f21d=\"\" data-v-4533c707=\"\"><span class=\"\" data-v-4533c707=\"\">Highlights<\/span><\/h2>\n<\/div>\n<\/div>\n<\/div>\n<div class=\"row__column__wrapper\" data-v-618ead3b=\"\">\n<div class=\"row__column\" data-v-618ead3b=\"\">\n<div id=\"highlights-point\" class=\"text-list-block\" data-v-04fa1704=\"\" data-block-id=\"highlights-point\">\n<section class=\"toggle-content\" data-v-04fa1704=\"\" data-v-e761f4af=\"\">\n<div class=\"toggle-content__content\" data-v-e761f4af=\"\">\n<ul data-test-id=\"text-list-block-list\" data-v-04fa1704=\"\">\n<li data-v-04fa1704=\"\"><span class=\"text-atom text-atom--body\" data-v-04fa1704=\"\" data-v-4533c707=\"\"><span class=\"\" data-v-4533c707=\"\">Hurghada&#8217;s largest mosque<\/span><\/span><\/li>\n<li data-v-04fa1704=\"\"><span class=\"text-atom text-atom--body\" data-v-04fa1704=\"\" data-v-4533c707=\"\"><span class=\"\" data-v-4533c707=\"\">A hundred-year-old church in Hurghada<\/span><\/span><\/li>\n<li data-v-04fa1704=\"\"><span class=\"text-atom text-atom--body\" data-v-04fa1704=\"\" data-v-4533c707=\"\"><span class=\"\" data-v-4533c707=\"\">Meet the indigenous people of Hurghada<\/span><\/span><\/li>\n<li data-v-04fa1704=\"\"><span class=\"text-atom text-atom--body\" data-v-04fa1704=\"\" data-v-4533c707=\"\"><span class=\"\" data-v-4533c707=\"\">Fishermen at the old harbor<\/span><\/span><\/li>\n<\/ul>\n<\/div>\n<\/section>\n<\/div>\n<\/div>\n<\/div>\n<\/div>\n<div id=\"highlights-point-bottom-spacer\" class=\"container\" data-block-id=\"highlights-point-bottom-spacer\"><\/div>\n<div class=\"z-layout\" data-v-266e4934=\"\">\n<div id=\"additional-details-separator-1-rectangle\" class=\"z-layout\" data-block-id=\"additional-details-separator-1-rectangle\" data-v-266e4934=\"\"><\/div>\n<\/div>\n<div id=\"full-description-top-spacer\" class=\"container\" data-block-id=\"full-description-top-spacer\"><\/div>\n<div id=\"row-full-description-header-content\" class=\"row container\" data-v-618ead3b=\"\" data-block-id=\"row-full-description-header-content\">\n<div class=\"row__column__wrapper\" data-v-618ead3b=\"\">\n<div class=\"row__column\" data-v-618ead3b=\"\">\n<div class=\"z-layout\" data-v-266e4934=\"\">\n<h2 id=\"full-description-header-text\" class=\"text-atom text-atom--title-3 text-atom\" data-block-id=\"full-description-header-text\" data-v-266e4934=\"\" data-v-25a6f21d=\"\" data-v-4533c707=\"\"><span class=\"\" data-v-4533c707=\"\">Full description<\/span><\/h2>\n<\/div>\n<\/div>\n<\/div>\n<div class=\"row__column__wrapper\" data-v-618ead3b=\"\">\n<div class=\"row__column\" data-v-618ead3b=\"\">\n<div id=\"full-description-text-list\" class=\"text-list-block\" data-v-04fa1704=\"\" data-block-id=\"full-description-text-list\">\n<section class=\"toggle-content\" data-v-04fa1704=\"\" data-v-e761f4af=\"\">\n<div class=\"toggle-content__content toggle-content__content--expanded toggle-content__content--packable\" data-v-e761f4af=\"\"><span class=\"text-atom text-atom--body\" data-test-id=\"single-text\" data-v-04fa1704=\"\" data-v-4533c707=\"\"><span class=\"\" data-v-4533c707=\"\">We&#8217;ll pick you up right at the entrance of your hotel, and then we can explore the city of Hurghada together.<br \/>\nDuring our program, we&#8217;ll visit the old town with its &#8216;souk&#8217;, a traditional market with an endless array of oriental spices, fruits, vegetables, and meat.<br \/>\nThen we&#8217;ll see the Coptic church, which was restored a few years ago, and after that, we&#8217;ll show you the marina in the new town, which opened in 2008. Here you&#8217;ll find large and small yachts, as well as many caf\u00e9s and restaurants.<br \/>\nAnd next to the luxury harbor, you&#8217;ll find a typical fish market where fishermen have been selling their catch for years.<br \/>\nAnd would you also like to visit the most beautiful mosque in Hurghada? No problem, we&#8217;ll be happy to show you these and the boat docks.<br \/>\nAnd if you want to buy some souvenirs from the trip, just let us know and we&#8217;ll show you the best places to shop!<\/span><\/span><\/div>\n<\/section>\n<\/div>\n<\/div>\n<\/div>\n<\/div>\n<\/div>\n<div data-v-527ba4e4=\"\" data-block-id=\"icon-label-transportationScoreThumbsUp\"><\/div>\n<div class=\"z-layout\" data-v-266e4934=\"\"><\/div>\n<\/div>\n<div id=\"icon-label-pickupInformation\" class=\"key-detail-item-block\" data-v-527ba4e4=\"\" data-block-id=\"icon-label-pickupInformation\"><\/div>\n<\/div>","protected":false},"excerpt":{"rendered":"<div class=\"z-layout\" data-v-266e4934=\"\"><span id=\"short-description-adp-text\" class=\"text-atom text-atom--body text-atom\" data-block-id=\"short-description-adp-text\" data-v-266e4934=\"\" data-v-25a6f21d=\"\" data-v-4533c707=\"\"><span class=\"\" data-v-4533c707=\"\">Experience the fascinating diversity of Hurghada. Immerse yourself in the history of the city, which has evolved from a tranquil fishing village into a vibrant holiday destination.<\/span><\/span><\/div>","protected":false},"featured_media":10629,"comment_status":"open","ping_status":"closed","template":"","meta":[],"product_brand":[],"product_cat":[136],"product_tag":[],"class_list":{"0":"post-10626","1":"product","2":"type-product","3":"status-publish","4":"has-post-thumbnail","6":"product_cat-hurghada-excursions","8":"first","9":"instock","10":"shipping-taxable","11":"purchasable","12":"product-type-ovabrw_car_rental"},"_links":{"self":[{"href":"https:\/\/jazzegypttours.com\/ro\/wp-json\/wp\/v2\/product\/10626","targetHints":{"allow":["GET"]}}],"collection":[{"href":"https:\/\/jazzegypttours.com\/ro\/wp-json\/wp\/v2\/product"}],"about":[{"href":"https:\/\/jazzegypttours.com\/ro\/wp-json\/wp\/v2\/types\/product"}],"replies":[{"embeddable":true,"href":"https:\/\/jazzegypttours.com\/ro\/wp-json\/wp\/v2\/comments?post=10626"}],"wp:featuredmedia":[{"embeddable":true,"href":"https:\/\/jazzegypttours.com\/ro\/wp-json\/wp\/v2\/media\/10629"}],"wp:attachment":[{"href":"https:\/\/jazzegypttours.com\/ro\/wp-json\/wp\/v2\/media?parent=10626"}],"wp:term":[{"taxonomy":"product_brand","embeddable":true,"href":"https:\/\/jazzegypttours.com\/ro\/wp-json\/wp\/v2\/product_brand?post=10626"},{"taxonomy":"product_cat","embeddable":true,"href":"https:\/\/jazzegypttours.com\/ro\/wp-json\/wp\/v2\/product_cat?post=10626"},{"taxonomy":"product_tag","embeddable":true,"href":"https:\/\/jazzegypttours.com\/ro\/wp-json\/wp\/v2\/product_tag?post=10626"}],"curies":[{"name":"wp","href":"https:\/\/api.w.org\/{rel}","templated":true}]}}