{"id":10610,"date":"2026-02-07T05:27:00","date_gmt":"2026-02-07T05:27:00","guid":{"rendered":"https:\/\/jazzegypttours.com\/?post_type=product&#038;p=10610"},"modified":"2026-02-07T05:27:00","modified_gmt":"2026-02-07T05:27:00","slug":"hurghada-aventura-cu-parasuta-pe-marea-rosie","status":"publish","type":"product","link":"https:\/\/jazzegypttours.com\/ro\/produs\/hurghada-aventura-cu-parasuta-pe-marea-rosie\/","title":{"rendered":"Hurghada: Aventur\u0103 cu para\u0219uta pe Marea Ro\u0219ie"},"content":{"rendered":"<div class=\"z-layout\" data-v-266e4934=\"\">\n<h2 id=\"adp-about-this-activity-text\" class=\"text-atom text-atom--title-3 text-atom\" data-block-id=\"adp-about-this-activity-text\" data-v-266e4934=\"\" data-v-25a6f21d=\"\" data-v-4533c707=\"\"><span class=\"\" data-v-4533c707=\"\">Despre aceast\u0103 activitate<\/span><\/h2>\n<h3><span class=\"text-atom text-atom--body-strong\" data-v-527ba4e4=\"\" data-v-4533c707=\"\"><span class=\"\" data-v-4533c707=\"\">Anulare gratuit\u0103<\/span><\/span><\/h3>\n<div id=\"icon-label-highlightCancellationPolicy\" class=\"key-detail-item-block\" data-v-527ba4e4=\"\" data-block-id=\"icon-label-highlightCancellationPolicy\"><span class=\"text-atom text-atom--caption\" data-v-527ba4e4=\"\" data-v-4533c707=\"\"><span class=\"\" data-v-4533c707=\"\">Anuleaz\u0103 cu p\u00e2n\u0103 la 24 ore \u00eenainte \u2013 prime\u0219ti banii \u00eenapoi<\/span><\/span><\/div>\n<h3 id=\"icon-label-reserveNowPayLaterInformation\" class=\"key-detail-item-block\" data-block-id=\"icon-label-reserveNowPayLaterInformation\"><span class=\"text-atom text-atom--body-strong\" data-v-527ba4e4=\"\" data-v-4533c707=\"\"><span class=\"\" data-v-4533c707=\"\">Rezervi acum \u0219i pl\u0103te\u0219ti mai t\u00e2rziu<\/span><\/span><\/h3>\n<div id=\"icon-label-reserveNowPayLaterInformation\" class=\"key-detail-item-block\" data-v-527ba4e4=\"\" data-block-id=\"icon-label-reserveNowPayLaterInformation\"><span class=\"text-atom text-atom--caption\" data-v-527ba4e4=\"\" data-v-4533c707=\"\"><span class=\"\" data-v-4533c707=\"\">F\u0103-\u021bi planuri de c\u0103l\u0103torie flexibile \u2013 rezerv\u0103-\u021bi locul \u0219i nu vei pl\u0103ti nimic acum.<\/span><\/span><\/div>\n<h3 data-block-id=\"icon-label-reserveNowPayLaterInformation\"><span class=\"text-atom text-atom--body-strong\" data-v-527ba4e4=\"\" data-v-4533c707=\"\"><span class=\"\" data-v-4533c707=\"\">Durat\u0103 25 minute<\/span><\/span><\/h3>\n<div id=\"icon-label-duration\" class=\"key-detail-item-block\" data-v-527ba4e4=\"\" data-block-id=\"icon-label-duration\"><span class=\"text-atom text-atom--caption\" data-v-527ba4e4=\"\" data-v-4533c707=\"\"><span class=\"\" data-v-4533c707=\"\">Verific\u0103 disponibilitatea ca s\u0103 vezi orele de \u00eencepere<\/span><\/span><\/div>\n<h3 id=\"icon-label-tourGuides\" class=\"key-detail-item-block\" data-block-id=\"icon-label-tourGuides\"><span class=\"text-atom text-atom--body-strong\" data-v-527ba4e4=\"\" data-v-4533c707=\"\"><span class=\"\" data-v-4533c707=\"\">Instructor<\/span><\/span><\/h3>\n<div id=\"icon-label-tourGuides\" class=\"key-detail-item-block\" data-v-527ba4e4=\"\" data-block-id=\"icon-label-tourGuides\"><span class=\"text-atom text-atom--caption\" data-v-527ba4e4=\"\" data-v-4533c707=\"\"><span class=\"\" data-v-4533c707=\"\">Spaniol\u0103, Englez\u0103, Francez\u0103, German\u0103, Rom\u00e2n\u0103, Rus\u0103, Arab\u0103<\/span><\/span><\/div>\n<h3 id=\"icon-label-pickupInformation\" class=\"key-detail-item-block\" data-block-id=\"icon-label-pickupInformation\"><span class=\"text-atom text-atom--body-strong\" data-v-527ba4e4=\"\" data-v-4533c707=\"\"><span class=\"\" data-v-4533c707=\"\">Transferul inclus<\/span><\/span><\/h3>\n<div id=\"icon-label-pickupInformation\" class=\"key-detail-item-block\" data-v-527ba4e4=\"\" data-block-id=\"icon-label-pickupInformation\"><span class=\"text-atom text-atom--caption\" data-v-527ba4e4=\"\" data-v-4533c707=\"\"><span class=\"\" data-v-4533c707=\"\">Un ghid de la Egypt Excursions Online v\u0103 va a\u0219tepta \u00een zona recep\u021biei hotelului la ora de preluare.<\/span><\/span><\/div>\n<div data-v-527ba4e4=\"\" data-block-id=\"icon-label-pickupInformation\"><\/div>\n<div id=\"additional-details-full\" class=\"reloadable-block\" data-v-921e19fe=\"\" data-block-id=\"additional-details-full\">\n<div id=\"row-highlights-point-header-content\" class=\"row container\" data-v-618ead3b=\"\" data-block-id=\"row-highlights-point-header-content\">\n<div class=\"row__column__wrapper\" data-v-618ead3b=\"\">\n<div class=\"row__column\" data-v-618ead3b=\"\">\n<div class=\"z-layout\" data-v-266e4934=\"\">\n<h2 id=\"highlights-point-header-text\" class=\"text-atom text-atom--title-3 text-atom\" data-block-id=\"highlights-point-header-text\" data-v-266e4934=\"\" data-v-25a6f21d=\"\" data-v-4533c707=\"\"><span class=\"\" data-v-4533c707=\"\">Repere<\/span><\/h2>\n<\/div>\n<\/div>\n<\/div>\n<div class=\"row__column__wrapper\" data-v-618ead3b=\"\">\n<div class=\"row__column\" data-v-618ead3b=\"\">\n<div id=\"highlights-point\" class=\"text-list-block\" data-v-04fa1704=\"\" data-block-id=\"highlights-point\">\n<section class=\"toggle-content\" data-v-04fa1704=\"\" data-v-e761f4af=\"\">\n<div class=\"toggle-content__content\" data-v-e761f4af=\"\">\n<ul data-test-id=\"text-list-block-list\" data-v-04fa1704=\"\">\n<li data-v-04fa1704=\"\"><span class=\"text-atom text-atom--body\" data-v-04fa1704=\"\" data-v-4533c707=\"\"><span class=\"\" data-v-4533c707=\"\">Sim\u021bi\u021bi adrenalina de a zbura prin aer \u00een spatele unei ambarca\u021biuni care se deplaseaz\u0103 rapid<\/span><\/span><\/li>\n<li data-v-04fa1704=\"\"><span class=\"text-atom text-atom--body\" data-v-04fa1704=\"\" data-v-4533c707=\"\"><span class=\"\" data-v-4533c707=\"\">Descoperi\u021bi frumuse\u021bea expansiv\u0103 a M\u0103rii Ro\u0219ii \u0219i a de\u0219ertului accidentat din Hurghada<\/span><\/span><\/li>\n<li data-v-04fa1704=\"\"><span class=\"text-atom text-atom--body\" data-v-04fa1704=\"\" data-v-4533c707=\"\"><span class=\"\" data-v-4533c707=\"\">Zbura\u021bi singur prin aer sau lega\u021bi-v\u0103 cu 1 sau 2 prieteni \u00eemp\u0103rt\u0103\u0219ind experien\u021ba<\/span><\/span><\/li>\n<li data-v-04fa1704=\"\"><span class=\"text-atom text-atom--body\" data-v-04fa1704=\"\" data-v-4533c707=\"\"><span class=\"\" data-v-4533c707=\"\">Parasail pentru p\u00e2n\u0103 la 15 minute la o \u00een\u0103l\u021bime terifiant\u0103 \u0219i palpitant\u0103 de 200 de picioare<\/span><\/span><\/li>\n<li data-v-04fa1704=\"\"><span class=\"text-atom text-atom--body\" data-v-04fa1704=\"\" data-v-4533c707=\"\"><span class=\"\" data-v-4533c707=\"\">Bucur\u0103-te de v\u00e2ntul care \u00ee\u021bi sufl\u0103 prin aer \u0219i simte jetul de ap\u0103 pe fa\u021b\u0103.<\/span><\/span><\/li>\n<\/ul>\n<\/div>\n<\/section>\n<\/div>\n<\/div>\n<\/div>\n<\/div>\n<div id=\"highlights-point-bottom-spacer\" class=\"container\" data-block-id=\"highlights-point-bottom-spacer\"><\/div>\n<div class=\"z-layout\" data-v-266e4934=\"\">\n<div id=\"additional-details-separator-1-rectangle\" class=\"z-layout\" data-block-id=\"additional-details-separator-1-rectangle\" data-v-266e4934=\"\"><\/div>\n<\/div>\n<div id=\"full-description-top-spacer\" class=\"container\" data-block-id=\"full-description-top-spacer\"><\/div>\n<div id=\"row-full-description-header-content\" class=\"row container\" data-v-618ead3b=\"\" data-block-id=\"row-full-description-header-content\">\n<div class=\"row__column__wrapper\" data-v-618ead3b=\"\">\n<div class=\"row__column\" data-v-618ead3b=\"\">\n<div class=\"z-layout\" data-v-266e4934=\"\">\n<h2 id=\"full-description-header-text\" class=\"text-atom text-atom--title-3 text-atom\" data-block-id=\"full-description-header-text\" data-v-266e4934=\"\" data-v-25a6f21d=\"\" data-v-4533c707=\"\"><span class=\"\" data-v-4533c707=\"\">Descriere complet\u0103<\/span><\/h2>\n<\/div>\n<\/div>\n<\/div>\n<div class=\"row__column__wrapper\" data-v-618ead3b=\"\">\n<div class=\"row__column\" data-v-618ead3b=\"\">\n<div id=\"full-description-text-list\" class=\"text-list-block\" data-v-04fa1704=\"\" data-block-id=\"full-description-text-list\">\n<section class=\"toggle-content\" data-v-04fa1704=\"\" data-v-e761f4af=\"\">\n<div class=\"toggle-content__content toggle-content__content--expanded toggle-content__content--packable\" data-v-e761f4af=\"\">\n<p>Prinde\u021bi-v\u0103 adrenalina cu o aventur\u0103 de parasailing. Sim\u021bi\u021bi-v\u0103 ca \u0219i cum a\u021bi zbura prin aer \u00een timp ce zbura\u021bi cu para\u0219uta deasupra apelor frumoase ale M\u0103rii Ro\u0219ii.<\/p>\n<p>.<\/p>\n<p>\u00cencepe\u021bi-v\u0103 aventura cu o preluare confortabil\u0103 de la hotel. \u00cendrepta\u021bi-v\u0103 spre portul de agrement din Hurghada \u0219i urca\u021bi-v\u0103 \u00eentr-o barc\u0103. Naviga\u021bi \u00een Marea Ro\u0219ie, pune\u021bi-v\u0103 centura \u0219i lua\u021bi zborul. \u00cen timp ce v\u0103 \u00een\u0103l\u021ba\u021bi la 200 de picioare timp de 12 &#8211; 15 minute, bucura\u021bi-v\u0103 de vederi panoramice ale plajelor, ale de\u0219ertului Hurghada \u0219i ale mun\u021bilor st\u00e2nco\u0219i.<\/p>\n<p>.<\/p>\n<p>Voli\u021bi singur, dublu sau triplu, cu p\u00e2n\u0103 la 3 persoane care pot zbura \u00een acela\u0219i timp. Al\u0103tura\u021bi-v\u0103 unui num\u0103r de p\u00e2n\u0103 la 6 pasageri pe barc\u0103 \u0219i bucura\u021bi-v\u0103 s\u0103-i privi\u021bi pe ceilal\u021bi cum se \u00eenal\u021b\u0103 \u00een timp ce sim\u021bi\u021bi v\u00e2ntul \u0219i apa pe fa\u021b\u0103 \u00eenainte de a v\u0103 \u00eentoarce la hotel.<\/p>\n<\/div>\n<\/section>\n<\/div>\n<\/div>\n<\/div>\n<\/div>\n<\/div>\n<\/div>\n<div class=\"key-detail-item-block\" data-v-527ba4e4=\"\" data-block-id=\"icon-label-duration\"><\/div>","protected":false},"excerpt":{"rendered":"<p>Zbura\u021bi 200 de metri deasupra M\u0103rii Ro\u0219ii \u00een aceast\u0103 experien\u021b\u0103 de parasailing \u00een Hurghada. Zbura\u021bi singur sau cu p\u00e2n\u0103 la 3 prieteni, \u00een\u0103l\u021b\u00e2ndu-v\u0103 \u00een v\u00e2nt \u00een spatele unei b\u0103rci \u0219i bucura\u021bi-v\u0103 de preluare la hotel de la cazarea dvs. din Hurghada.<\/p>","protected":false},"featured_media":10601,"comment_status":"open","ping_status":"closed","template":"","meta":[],"product_brand":[],"product_cat":[15],"product_tag":[],"class_list":{"0":"post-10610","1":"product","2":"type-product","3":"status-publish","4":"has-post-thumbnail","6":"product_cat-egypt-tours","8":"first","9":"instock","10":"shipping-taxable","11":"purchasable","12":"product-type-ovabrw_car_rental"},"_links":{"self":[{"href":"https:\/\/jazzegypttours.com\/ro\/wp-json\/wp\/v2\/product\/10610","targetHints":{"allow":["GET"]}}],"collection":[{"href":"https:\/\/jazzegypttours.com\/ro\/wp-json\/wp\/v2\/product"}],"about":[{"href":"https:\/\/jazzegypttours.com\/ro\/wp-json\/wp\/v2\/types\/product"}],"replies":[{"embeddable":true,"href":"https:\/\/jazzegypttours.com\/ro\/wp-json\/wp\/v2\/comments?post=10610"}],"wp:featuredmedia":[{"embeddable":true,"href":"https:\/\/jazzegypttours.com\/ro\/wp-json\/wp\/v2\/media\/10601"}],"wp:attachment":[{"href":"https:\/\/jazzegypttours.com\/ro\/wp-json\/wp\/v2\/media?parent=10610"}],"wp:term":[{"taxonomy":"product_brand","embeddable":true,"href":"https:\/\/jazzegypttours.com\/ro\/wp-json\/wp\/v2\/product_brand?post=10610"},{"taxonomy":"product_cat","embeddable":true,"href":"https:\/\/jazzegypttours.com\/ro\/wp-json\/wp\/v2\/product_cat?post=10610"},{"taxonomy":"product_tag","embeddable":true,"href":"https:\/\/jazzegypttours.com\/ro\/wp-json\/wp\/v2\/product_tag?post=10610"}],"curies":[{"name":"wp","href":"https:\/\/api.w.org\/{rel}","templated":true}]}}