{"id":10589,"date":"2026-02-07T04:46:31","date_gmt":"2026-02-07T04:46:31","guid":{"rendered":"https:\/\/jazzegypttours.com\/?post_type=product&#038;p=10589"},"modified":"2026-02-09T13:08:49","modified_gmt":"2026-02-09T13:08:49","slug":"hurghada-full-day-trip-to-cairo-by-plane","status":"publish","type":"product","link":"https:\/\/jazzegypttours.com\/ro\/produs\/hurghada-full-day-trip-to-cairo-by-plane\/","title":{"rendered":"Hurghada: Full-Day Trip to Cairo by Plane"},"content":{"rendered":"<div class=\"z-layout\" data-v-266e4934=\"\">\n<h2 id=\"adp-about-this-activity-text\" class=\"text-atom text-atom--title-3 text-atom\" data-block-id=\"adp-about-this-activity-text\" data-v-266e4934=\"\" data-v-25a6f21d=\"\" data-v-4533c707=\"\"><span class=\"\" data-v-4533c707=\"\">About this activity<\/span><\/h2>\n<h3><span class=\"text-atom text-atom--body-strong\" data-v-527ba4e4=\"\" data-v-4533c707=\"\"><span class=\"\" data-v-4533c707=\"\">Free cancellation<\/span><\/span><\/h3>\n<div id=\"icon-label-highlightCancellationPolicy\" class=\"key-detail-item-block\" data-v-527ba4e4=\"\" data-block-id=\"icon-label-highlightCancellationPolicy\"><span class=\"text-atom text-atom--caption\" data-v-527ba4e4=\"\" data-v-4533c707=\"\"><span class=\"\" data-v-4533c707=\"\">Anuleaz\u0103 cu p\u00e2n\u0103 la 24 de ore \u00een avans pentru o rambursare integral\u0103.<\/span><\/span><\/div>\n<h3 id=\"icon-label-reserveNowPayLaterInformation\" class=\"key-detail-item-block\" data-block-id=\"icon-label-reserveNowPayLaterInformation\"><span class=\"text-atom text-atom--body-strong\" data-v-527ba4e4=\"\" data-v-4533c707=\"\"><span class=\"\" data-v-4533c707=\"\">Reserve now &amp; pay later<\/span><\/span><\/h3>\n<div id=\"icon-label-reserveNowPayLaterInformation\" class=\"key-detail-item-block\" data-v-527ba4e4=\"\" data-block-id=\"icon-label-reserveNowPayLaterInformation\"><span class=\"text-atom text-atom--caption\" data-v-527ba4e4=\"\" data-v-4533c707=\"\"><span class=\"\" data-v-4533c707=\"\">Keep your travel plans flexible \u2014 book your spot and pay nothing today.<\/span><\/span><\/div>\n<h3 id=\"icon-label-duration\" class=\"key-detail-item-block\" data-block-id=\"icon-label-duration\"><span class=\"text-atom text-atom--body-strong\" data-v-527ba4e4=\"\" data-v-4533c707=\"\"><span class=\"\" data-v-4533c707=\"\">Duration 14 hours<\/span><\/span><\/h3>\n<div id=\"icon-label-duration\" class=\"key-detail-item-block\" data-v-527ba4e4=\"\" data-block-id=\"icon-label-duration\"><span class=\"text-atom text-atom--caption\" data-v-527ba4e4=\"\" data-v-4533c707=\"\"><span class=\"\" data-v-4533c707=\"\">Check availability to see starting times<\/span><\/span><\/div>\n<div id=\"icon-label-skipTheLine\" class=\"key-detail-item-block\" data-v-527ba4e4=\"\" data-block-id=\"icon-label-skipTheLine\">\n<h3 id=\"icon-label-skipTheLine\" class=\"key-detail-item-block\" data-block-id=\"icon-label-skipTheLine\"><span class=\"text-atom text-atom--body-strong\" data-v-527ba4e4=\"\" data-v-4533c707=\"\"><span class=\"\" data-v-4533c707=\"\">Skip the ticket line<\/span><\/span><\/h3>\n<h3><span class=\"text-atom text-atom--body-strong\" data-v-527ba4e4=\"\" data-v-4533c707=\"\"><span class=\"\" data-v-4533c707=\"\">Live tour guide<\/span><\/span><\/h3>\n<div id=\"icon-label-tourGuides\" class=\"key-detail-item-block\" data-v-527ba4e4=\"\" data-block-id=\"icon-label-tourGuides\"><span class=\"text-atom text-atom--caption\" data-v-527ba4e4=\"\" data-v-4533c707=\"\"><span class=\"\" data-v-4533c707=\"\">Romanian, English, French, German,\u00a0<\/span><\/span><\/div>\n<div data-v-527ba4e4=\"\" data-block-id=\"icon-label-tourGuides\">\n<div id=\"row-highlights-point-header-content\" class=\"row container\" data-v-618ead3b=\"\" data-block-id=\"row-highlights-point-header-content\">\n<div class=\"row__column__wrapper\" data-v-618ead3b=\"\">\n<div class=\"row__column\" data-v-618ead3b=\"\">\n<div class=\"z-layout\" data-v-266e4934=\"\">\n<h2 id=\"highlights-point-header-text\" class=\"text-atom text-atom--title-3 text-atom\" data-block-id=\"highlights-point-header-text\" data-v-266e4934=\"\" data-v-25a6f21d=\"\" data-v-4533c707=\"\"><span class=\"\" data-v-4533c707=\"\">Highlights<\/span><\/h2>\n<\/div>\n<\/div>\n<\/div>\n<div class=\"row__column__wrapper\" data-v-618ead3b=\"\">\n<div class=\"row__column\" data-v-618ead3b=\"\">\n<div id=\"highlights-point\" class=\"text-list-block\" data-v-04fa1704=\"\" data-block-id=\"highlights-point\">\n<section class=\"toggle-content\" data-v-04fa1704=\"\" data-v-e761f4af=\"\">\n<div class=\"toggle-content__content\" data-v-e761f4af=\"\">\n<ul data-test-id=\"text-list-block-list\" data-v-04fa1704=\"\">\n<li data-v-04fa1704=\"\"><span class=\"text-atom text-atom--body\" data-v-04fa1704=\"\" data-v-4533c707=\"\"><span class=\"\" data-v-4533c707=\"\">Discover the secrets of ancient Egypt at the Giza Pyramids and the Sphinx<\/span><\/span><\/li>\n<li data-v-04fa1704=\"\"><span class=\"text-atom text-atom--body\" data-v-04fa1704=\"\" data-v-4533c707=\"\"><span class=\"\" data-v-4533c707=\"\">Dive into the vast collection of treasures at the renowned Egyptian Museum<\/span><\/span><\/li>\n<li data-v-04fa1704=\"\"><span class=\"text-atom text-atom--body\" data-v-04fa1704=\"\" data-v-4533c707=\"\"><span class=\"\" data-v-4533c707=\"\">Sail along the Nile with an optional felucca ride for a peaceful view of Cairo<\/span><\/span><\/li>\n<li data-v-04fa1704=\"\"><span class=\"text-atom text-atom--body\" data-v-04fa1704=\"\" data-v-4533c707=\"\"><span class=\"\" data-v-4533c707=\"\">Explore the bustling Khan El Khalili Bazaar and discover authentic local crafts<\/span><\/span><\/li>\n<li data-v-04fa1704=\"\"><span class=\"text-atom text-atom--body\" data-v-04fa1704=\"\" data-v-4533c707=\"\"><span class=\"\" data-v-4533c707=\"\">Travel comfortably with flights and transfers arranged from your Hurghada hotel<\/span><\/span><\/li>\n<\/ul>\n<\/div>\n<\/section>\n<\/div>\n<\/div>\n<\/div>\n<\/div>\n<div id=\"highlights-point-bottom-spacer\" class=\"container\" data-block-id=\"highlights-point-bottom-spacer\"><\/div>\n<div class=\"z-layout\" data-v-266e4934=\"\">\n<div id=\"additional-details-separator-1-rectangle\" class=\"z-layout\" data-block-id=\"additional-details-separator-1-rectangle\" data-v-266e4934=\"\"><\/div>\n<\/div>\n<div id=\"full-description-top-spacer\" class=\"container\" data-block-id=\"full-description-top-spacer\"><\/div>\n<div id=\"row-full-description-header-content\" class=\"row container\" data-v-618ead3b=\"\" data-block-id=\"row-full-description-header-content\">\n<div class=\"row__column__wrapper\" data-v-618ead3b=\"\">\n<div class=\"row__column\" data-v-618ead3b=\"\">\n<div class=\"z-layout\" data-v-266e4934=\"\">\n<h2 id=\"full-description-header-text\" class=\"text-atom text-atom--title-3 text-atom\" data-block-id=\"full-description-header-text\" data-v-266e4934=\"\" data-v-25a6f21d=\"\" data-v-4533c707=\"\"><span class=\"\" data-v-4533c707=\"\">Full description<\/span><\/h2>\n<\/div>\n<\/div>\n<\/div>\n<div class=\"row__column__wrapper\" data-v-618ead3b=\"\">\n<div class=\"row__column\" data-v-618ead3b=\"\">\n<div id=\"full-description-text-list\" class=\"text-list-block\" data-v-04fa1704=\"\" data-block-id=\"full-description-text-list\">\n<section class=\"toggle-content\" data-v-04fa1704=\"\" data-v-e761f4af=\"\">\n<div class=\"toggle-content__content toggle-content__content--expanded toggle-content__content--packable\" data-v-e761f4af=\"\">\n<p><span class=\"text-atom text-atom--body\" data-test-id=\"single-text\" data-v-04fa1704=\"\" data-v-4533c707=\"\"><span class=\"\" data-v-4533c707=\"\">Experience a full-day adventure in Cairo from Hurghada. Explore the Giza Pyramids, the Egyptian Museum, and the Khan El Khalili Bazaar. Choose an optional felucca ride for a scenic view of the Nile.<\/span><\/span><\/p>\n<p>Begin your journey with hotel picup in Hurghada, followed by a transfer to Hurghada International Airport for your flight to Cairo. Upon your arrival in Cairo, your driver will be ready and waiting outside the airport, and you\u2019ll receive the driver\u2019s contact details the day before the tour to ensure a smooth transfer.<\/p>\n<p>Your Cairo adventure starts with a visit to the Giza Pyramids and the Great Sphinx, where you\u2019ll be guided by an expert Egyptologist who will share fascinating stories and facts about these ancient wonders. Afterward, take a break and enjoy lunch at a local restaurant.<\/p>\n<p>If you\u2019ve selected the felucca ride option, embark on a peaceful ride along the Nile River, offering a relaxing view of the city from the river.<\/p>\n<p>Next, visit the Egyptian Museum, home to one of the largest collections of ancient Egyptian artifacts in the world.<\/p>\n<p>End your day with a stop at the lively Khan El Khalili Bazaar, where you can browse for souvenirs or just soak up the vibrant atmosphere.<\/p>\n<p>At the end of the tour, you\u2019ll be taken back to Cairo International Airport for your flight to Hurghada, where your driver will be waiting to return you to your hotel.<\/p>\n<\/div>\n<\/section>\n<\/div>\n<\/div>\n<\/div>\n<\/div>\n<\/div>\n<div class=\"z-layout\" data-v-266e4934=\"\"><\/div>\n<div id=\"icon-label-tourGuides\" class=\"key-detail-item-block\" data-v-527ba4e4=\"\" data-block-id=\"icon-label-tourGuides\"><\/div>\n<\/div>\n<\/div>","protected":false},"excerpt":{"rendered":"<div class=\"z-layout\" data-v-266e4934=\"\"><span id=\"short-description-adp-text\" class=\"text-atom text-atom--body text-atom\" data-block-id=\"short-description-adp-text\" data-v-266e4934=\"\" data-v-25a6f21d=\"\" data-v-4533c707=\"\"><span class=\"\" data-v-4533c707=\"\">Fly from Hurghada to Cairo for an immersive day tour. Discover the Giza Pyramids, explore ancient artifacts at the Egyptian Museum, and experience the vibrant Khan El Khalili Bazaar.<\/span><\/span><\/div>","protected":false},"featured_media":10441,"comment_status":"open","ping_status":"closed","template":"","meta":[],"product_brand":[],"product_cat":[136],"product_tag":[],"class_list":{"0":"post-10589","1":"product","2":"type-product","3":"status-publish","4":"has-post-thumbnail","6":"product_cat-hurghada-excursions","8":"first","9":"instock","10":"shipping-taxable","11":"purchasable","12":"product-type-ovabrw_car_rental"},"_links":{"self":[{"href":"https:\/\/jazzegypttours.com\/ro\/wp-json\/wp\/v2\/product\/10589","targetHints":{"allow":["GET"]}}],"collection":[{"href":"https:\/\/jazzegypttours.com\/ro\/wp-json\/wp\/v2\/product"}],"about":[{"href":"https:\/\/jazzegypttours.com\/ro\/wp-json\/wp\/v2\/types\/product"}],"replies":[{"embeddable":true,"href":"https:\/\/jazzegypttours.com\/ro\/wp-json\/wp\/v2\/comments?post=10589"}],"wp:featuredmedia":[{"embeddable":true,"href":"https:\/\/jazzegypttours.com\/ro\/wp-json\/wp\/v2\/media\/10441"}],"wp:attachment":[{"href":"https:\/\/jazzegypttours.com\/ro\/wp-json\/wp\/v2\/media?parent=10589"}],"wp:term":[{"taxonomy":"product_brand","embeddable":true,"href":"https:\/\/jazzegypttours.com\/ro\/wp-json\/wp\/v2\/product_brand?post=10589"},{"taxonomy":"product_cat","embeddable":true,"href":"https:\/\/jazzegypttours.com\/ro\/wp-json\/wp\/v2\/product_cat?post=10589"},{"taxonomy":"product_tag","embeddable":true,"href":"https:\/\/jazzegypttours.com\/ro\/wp-json\/wp\/v2\/product_tag?post=10589"}],"curies":[{"name":"wp","href":"https:\/\/api.w.org\/{rel}","templated":true}]}}