{"id":10584,"date":"2026-02-06T20:27:27","date_gmt":"2026-02-06T20:27:27","guid":{"rendered":"https:\/\/jazzegypttours.com\/?post_type=product&#038;p=10584"},"modified":"2026-02-06T20:27:27","modified_gmt":"2026-02-06T20:27:27","slug":"hurghada-marele-muzeu-egiptean-piramidele-si-sfinxul-tur-de-o-zi","status":"publish","type":"product","link":"https:\/\/jazzegypttours.com\/ro\/produs\/hurghada-marele-muzeu-egiptean-piramidele-si-sfinxul-tur-de-o-zi\/","title":{"rendered":"Hurghada: Marele Muzeu Egiptean, Piramidele \u0219i Sfinxul &#8211; tur de o zi"},"content":{"rendered":"<div class=\"z-layout\" data-v-266e4934=\"\">\n<h2 id=\"adp-about-this-activity-text\" class=\"text-atom text-atom--title-3 text-atom\" data-block-id=\"adp-about-this-activity-text\" data-v-266e4934=\"\" data-v-25a6f21d=\"\" data-v-4533c707=\"\"><span class=\"\" data-v-4533c707=\"\">Despre aceast\u0103 activitate<\/span><\/h2>\n<h3><span class=\"text-atom text-atom--body-strong\" data-v-527ba4e4=\"\" data-v-4533c707=\"\"><span class=\"\" data-v-4533c707=\"\">Anulare gratuit\u0103<\/span><\/span><\/h3>\n<div id=\"icon-label-highlightCancellationPolicy\" class=\"key-detail-item-block\" data-v-527ba4e4=\"\" data-block-id=\"icon-label-highlightCancellationPolicy\"><span class=\"text-atom text-atom--caption\" data-v-527ba4e4=\"\" data-v-4533c707=\"\"><span class=\"\" data-v-4533c707=\"\">Anuleaz\u0103 cu p\u00e2n\u0103 la 24 ore \u00eenainte \u2013 prime\u0219ti banii \u00eenapoi<\/span><\/span><\/div>\n<h3 id=\"icon-label-reserveNowPayLaterInformation\" class=\"key-detail-item-block\" data-block-id=\"icon-label-reserveNowPayLaterInformation\"><span class=\"text-atom text-atom--body-strong\" data-v-527ba4e4=\"\" data-v-4533c707=\"\"><span class=\"\" data-v-4533c707=\"\">Rezervi acum \u0219i pl\u0103te\u0219ti mai t\u00e2rziu<\/span><\/span><\/h3>\n<div id=\"icon-label-reserveNowPayLaterInformation\" class=\"key-detail-item-block\" data-v-527ba4e4=\"\" data-block-id=\"icon-label-reserveNowPayLaterInformation\"><span class=\"text-atom text-atom--caption\" data-v-527ba4e4=\"\" data-v-4533c707=\"\"><span class=\"\" data-v-4533c707=\"\">F\u0103-\u021bi planuri de c\u0103l\u0103torie flexibile \u2013 rezerv\u0103-\u021bi locul \u0219i nu vei pl\u0103ti nimic acum.<\/span><\/span><\/div>\n<h3 id=\"icon-label-duration\" class=\"key-detail-item-block\" data-block-id=\"icon-label-duration\"><span class=\"text-atom text-atom--body-strong\" data-v-527ba4e4=\"\" data-v-4533c707=\"\"><span class=\"\" data-v-4533c707=\"\">Durat\u0103 19 ore<\/span><\/span><\/h3>\n<div id=\"icon-label-duration\" class=\"key-detail-item-block\" data-v-527ba4e4=\"\" data-block-id=\"icon-label-duration\"><span class=\"text-atom text-atom--caption\" data-v-527ba4e4=\"\" data-v-4533c707=\"\"><span class=\"\" data-v-4533c707=\"\">Verific\u0103 disponibilitatea ca s\u0103 vezi orele de \u00eencepere<\/span><\/span><\/div>\n<div id=\"icon-label-skipTheLine\" class=\"key-detail-item-block\" data-v-527ba4e4=\"\" data-block-id=\"icon-label-skipTheLine\">\n<h3 id=\"icon-label-skipTheLine\" class=\"key-detail-item-block\" data-block-id=\"icon-label-skipTheLine\"><span class=\"text-atom text-atom--body-strong\" data-v-527ba4e4=\"\" data-v-4533c707=\"\"><span class=\"\" data-v-4533c707=\"\">Sari peste coada la bilete<\/span><\/span><\/h3>\n<h3 id=\"icon-label-tourGuides\" class=\"key-detail-item-block\" data-block-id=\"icon-label-tourGuides\"><span class=\"text-atom text-atom--body-strong\" data-v-527ba4e4=\"\" data-v-4533c707=\"\"><span class=\"\" data-v-4533c707=\"\">Ghid turistic live<\/span><\/span><\/h3>\n<div id=\"icon-label-tourGuides\" class=\"key-detail-item-block\" data-v-527ba4e4=\"\" data-block-id=\"icon-label-tourGuides\"><span class=\"text-atom text-atom--caption\" data-v-527ba4e4=\"\" data-v-4533c707=\"\"><span class=\"\" data-v-4533c707=\"\">Englez\u0103, Francez\u0103, German\u0103<\/span><\/span><\/div>\n<h3 id=\"icon-label-pickupInformation\" class=\"key-detail-item-block\" data-block-id=\"icon-label-pickupInformation\"><span class=\"text-atom text-atom--body-strong\" data-v-527ba4e4=\"\" data-v-4533c707=\"\"><span class=\"\" data-v-4533c707=\"\">Transferul inclus<\/span><\/span><\/h3>\n<div id=\"icon-label-pickupInformation\" class=\"key-detail-item-block\" data-v-527ba4e4=\"\" data-block-id=\"icon-label-pickupInformation\"><span class=\"text-atom text-atom--caption\" data-v-527ba4e4=\"\" data-v-4533c707=\"\"><span class=\"\" data-v-4533c707=\"\">Serviciul de preluare este disponibil de la cazarea ta din Hurghada. Te rug\u0103m s\u0103 a\u0219tep\u021bi la poarta principal\u0103 a hotelului, de pe autostrad\u0103, nu la recep\u021bie. Serviciul de preluare de la distan\u021b\u0103 din Safaga, Makadi, Soma Bay, Al Gona \u0219i Sahl Hashish poate fi rezervat \u00een timpul procesului de finalizare a comenzii ca \u201earticol suplimentar\u201d<\/span><\/span><\/div>\n<div class=\"z-layout\" data-v-266e4934=\"\">\n<div id=\"row-highlights-point-header-content\" class=\"row container\" data-v-618ead3b=\"\" data-block-id=\"row-highlights-point-header-content\">\n<div class=\"row__column__wrapper\" data-v-618ead3b=\"\">\n<div class=\"row__column\" data-v-618ead3b=\"\">\n<div class=\"z-layout\" data-v-266e4934=\"\">\n<h2 id=\"highlights-point-header-text\" class=\"text-atom text-atom--title-3 text-atom\" data-block-id=\"highlights-point-header-text\" data-v-266e4934=\"\" data-v-25a6f21d=\"\" data-v-4533c707=\"\"><span class=\"\" data-v-4533c707=\"\">Repere<\/span><\/h2>\n<\/div>\n<\/div>\n<\/div>\n<div class=\"row__column__wrapper\" data-v-618ead3b=\"\">\n<div class=\"row__column\" data-v-618ead3b=\"\">\n<div id=\"highlights-point\" class=\"text-list-block\" data-v-04fa1704=\"\" data-block-id=\"highlights-point\">\n<section class=\"toggle-content\" data-v-04fa1704=\"\" data-v-e761f4af=\"\">\n<div class=\"toggle-content__content\" data-v-e761f4af=\"\">\n<ul data-test-id=\"text-list-block-list\" data-v-04fa1704=\"\">\n<li data-v-04fa1704=\"\"><span class=\"text-atom text-atom--body\" data-v-04fa1704=\"\" data-v-4533c707=\"\"><span class=\"\" data-v-4533c707=\"\">Exploreaz\u0103 Marea Piramid\u0103 din Giza, una dintre cele \u0218apte Minuni.<\/span><\/span><\/li>\n<li data-v-04fa1704=\"\"><span class=\"text-atom text-atom--body\" data-v-04fa1704=\"\" data-v-4533c707=\"\"><span class=\"\" data-v-4533c707=\"\">Admir\u0103 Marele Sfinx, un simbol al misterului egiptean antic.<\/span><\/span><\/li>\n<li data-v-04fa1704=\"\"><span class=\"text-atom text-atom--body\" data-v-04fa1704=\"\" data-v-4533c707=\"\"><span class=\"\" data-v-4533c707=\"\">Descoper\u0103 vechiul Templu al V\u0103ii, unde erau mumifica\u021bi faraonii.<\/span><\/span><\/li>\n<li data-v-04fa1704=\"\"><span class=\"text-atom text-atom--body\" data-v-04fa1704=\"\" data-v-4533c707=\"\"><span class=\"\" data-v-4533c707=\"\">Admir\u0103 peste 100.000 de artefacte antice la noul Muzeu Egiptean.<\/span><\/span><\/li>\n<li data-v-04fa1704=\"\"><span class=\"text-atom text-atom--body\" data-v-04fa1704=\"\" data-v-4533c707=\"\"><span class=\"\" data-v-4533c707=\"\">Bucur\u0103-te de Cairo cu un ghid turistic egiptolog \u0219i un pr\u00e2nz autentic<\/span><\/span><\/li>\n<\/ul>\n<\/div>\n<\/section>\n<\/div>\n<\/div>\n<\/div>\n<\/div>\n<div id=\"full-description-top-spacer\" class=\"container\" data-block-id=\"full-description-top-spacer\"><\/div>\n<div id=\"row-full-description-header-content\" class=\"row container\" data-v-618ead3b=\"\" data-block-id=\"row-full-description-header-content\">\n<div class=\"row__column__wrapper\" data-v-618ead3b=\"\">\n<div class=\"row__column\" data-v-618ead3b=\"\">\n<div class=\"z-layout\" data-v-266e4934=\"\">\n<h2 id=\"full-description-header-text\" class=\"text-atom text-atom--title-3 text-atom\" data-block-id=\"full-description-header-text\" data-v-266e4934=\"\" data-v-25a6f21d=\"\" data-v-4533c707=\"\"><span class=\"\" data-v-4533c707=\"\">Descriere complet\u0103<\/span><\/h2>\n<\/div>\n<\/div>\n<\/div>\n<div class=\"row__column__wrapper\" data-v-618ead3b=\"\">\n<div class=\"row__column\" data-v-618ead3b=\"\">\n<div id=\"full-description-text-list\" class=\"text-list-block\" data-v-04fa1704=\"\" data-block-id=\"full-description-text-list\">\n<section class=\"toggle-content\" data-v-04fa1704=\"\" data-v-e761f4af=\"\">\n<div class=\"toggle-content__content toggle-content__content--expanded toggle-content__content--packable\" data-v-e761f4af=\"\"><span class=\"text-atom text-atom--body\" data-test-id=\"single-text\" data-v-04fa1704=\"\" data-v-4533c707=\"\"><span class=\"\" data-v-4533c707=\"\">Porne\u0219te \u00eentr-un tur de neuitat de o zi la Cairo, cu plecare din Hurghada. \u00cencepe cu o preluare de la hotel la ora 2 diminea\u021ba \u0219i bucur\u0103-te de o c\u0103l\u0103torie confortabil\u0103, cu aer condi\u021bionat, c\u0103tre Piramidele din Giza, una dintre cele \u0219apte minuni ale lumii antice. Exploreaz\u0103 emblematica Piramid\u0103 a lui Cheops, \u00eempreun\u0103 cu Piramidele lui Khafre \u0219i Menkaure. Admir\u0103 Marele Sfinx \u0219i viziteaz\u0103 Templul din Vale, un loc-cheie \u00een ritualurile funerare egiptene antice.<\/p>\n<p>Dup\u0103 un pr\u00e2nz egiptean delicios, viziteaz\u0103 Marele Muzeu Egiptean (GEM), cel mai mare muzeu de arheologie din lume, care g\u0103zduie\u0219te peste 100.000 de artefacte, inclusiv comorile regelui Tutankhamon.<\/p>\n<p>\u00cencheie-\u021bi aventura de neuitat \u00een Cairo cu o c\u0103l\u0103torie relaxant\u0103 \u00eenapoi la Hurghada.<\/span><\/span><\/div>\n<\/section>\n<\/div>\n<\/div>\n<\/div>\n<\/div>\n<\/div>\n<\/div>\n<\/div>","protected":false},"excerpt":{"rendered":"<p>Despre aceast\u0103 activitate Anulare gratuit\u0103 Anuleaz\u0103 cu p\u00e2n\u0103 la 24 ore \u00eenainte \u2013 prime\u0219ti banii \u00eenapoi Rezervi acum \u0219i pl\u0103te\u0219ti mai t\u00e2rziu F\u0103-\u021bi planuri de c\u0103l\u0103torie flexibile \u2013 rezerv\u0103-\u021bi locul \u0219i nu vei pl\u0103ti nimic acum. Durat\u0103 19 ore Verific\u0103 disponibilitatea ca s\u0103 vezi orele de \u00eencepere Sari peste coada la bilete Ghid turistic live [&hellip;]<\/p>\n","protected":false},"featured_media":10556,"comment_status":"open","ping_status":"closed","template":"","meta":[],"product_brand":[],"product_cat":[15],"product_tag":[],"class_list":{"0":"post-10584","1":"product","2":"type-product","3":"status-publish","4":"has-post-thumbnail","6":"product_cat-egypt-tours","8":"first","9":"instock","10":"shipping-taxable","11":"purchasable","12":"product-type-ovabrw_car_rental"},"_links":{"self":[{"href":"https:\/\/jazzegypttours.com\/ro\/wp-json\/wp\/v2\/product\/10584","targetHints":{"allow":["GET"]}}],"collection":[{"href":"https:\/\/jazzegypttours.com\/ro\/wp-json\/wp\/v2\/product"}],"about":[{"href":"https:\/\/jazzegypttours.com\/ro\/wp-json\/wp\/v2\/types\/product"}],"replies":[{"embeddable":true,"href":"https:\/\/jazzegypttours.com\/ro\/wp-json\/wp\/v2\/comments?post=10584"}],"wp:featuredmedia":[{"embeddable":true,"href":"https:\/\/jazzegypttours.com\/ro\/wp-json\/wp\/v2\/media\/10556"}],"wp:attachment":[{"href":"https:\/\/jazzegypttours.com\/ro\/wp-json\/wp\/v2\/media?parent=10584"}],"wp:term":[{"taxonomy":"product_brand","embeddable":true,"href":"https:\/\/jazzegypttours.com\/ro\/wp-json\/wp\/v2\/product_brand?post=10584"},{"taxonomy":"product_cat","embeddable":true,"href":"https:\/\/jazzegypttours.com\/ro\/wp-json\/wp\/v2\/product_cat?post=10584"},{"taxonomy":"product_tag","embeddable":true,"href":"https:\/\/jazzegypttours.com\/ro\/wp-json\/wp\/v2\/product_tag?post=10584"}],"curies":[{"name":"wp","href":"https:\/\/api.w.org\/{rel}","templated":true}]}}