{"id":10544,"date":"2026-02-05T11:22:23","date_gmt":"2026-02-05T11:22:23","guid":{"rendered":"https:\/\/jazzegypttours.com\/?post_type=product&#038;p=10544"},"modified":"2026-02-09T13:09:17","modified_gmt":"2026-02-09T13:09:17","slug":"hurghada-royal-seascape-submarine-cruise-with-snorkel-stop","status":"publish","type":"product","link":"https:\/\/jazzegypttours.com\/ro\/produs\/hurghada-royal-seascape-submarine-cruise-with-snorkel-stop\/","title":{"rendered":"Hurghada: Royal Seascope Submarine Cruise with Snorkel Stop"},"content":{"rendered":"<div class=\"z-layout\" data-v-266e4934=\"\">\n<h2 id=\"adp-about-this-activity-text\" class=\"text-atom text-atom--title-3 text-atom\" data-block-id=\"adp-about-this-activity-text\" data-v-266e4934=\"\" data-v-25a6f21d=\"\" data-v-4533c707=\"\"><span class=\"\" data-v-4533c707=\"\">About this activity<\/span><\/h2>\n<h3>Free cancellation<\/h3>\n<div id=\"icon-label-highlightCancellationPolicy\" class=\"key-detail-item-block\" data-v-527ba4e4=\"\" data-block-id=\"icon-label-highlightCancellationPolicy\"><span class=\"text-atom text-atom--caption\" data-v-527ba4e4=\"\" data-v-4533c707=\"\"><span class=\"\" data-v-4533c707=\"\">Anuleaz\u0103 cu p\u00e2n\u0103 la 24 de ore \u00een avans pentru o rambursare integral\u0103.<\/span><\/span><\/div>\n<h3 data-block-id=\"icon-label-highlightCancellationPolicy\"><span class=\"text-atom text-atom--body-strong\" data-v-527ba4e4=\"\" data-v-4533c707=\"\"><span class=\"\" data-v-4533c707=\"\">Reserve now &amp; pay later<\/span><\/span><\/h3>\n<div id=\"icon-label-reserveNowPayLaterInformation\" class=\"key-detail-item-block\" data-v-527ba4e4=\"\" data-block-id=\"icon-label-reserveNowPayLaterInformation\"><span class=\"text-atom text-atom--caption\" data-v-527ba4e4=\"\" data-v-4533c707=\"\"><span class=\"\" data-v-4533c707=\"\">Keep your travel plans flexible \u2014 book your spot and pay nothing today.<\/span><\/span><\/div>\n<h3 id=\"icon-label-duration\" class=\"key-detail-item-block\" data-block-id=\"icon-label-duration\"><span class=\"text-atom text-atom--body-strong\" data-v-527ba4e4=\"\" data-v-4533c707=\"\"><span class=\"\" data-v-4533c707=\"\">Duration 2 hours<\/span><\/span><\/h3>\n<div id=\"icon-label-duration\" class=\"key-detail-item-block\" data-v-527ba4e4=\"\" data-block-id=\"icon-label-duration\"><span class=\"text-atom text-atom--caption\" data-v-527ba4e4=\"\" data-v-4533c707=\"\"><span class=\"\" data-v-4533c707=\"\">Check availability to see starting times<\/span><\/span><\/div>\n<h3 data-block-id=\"icon-label-duration\">Instructor<\/h3>\n<div id=\"icon-label-tourGuides\" class=\"key-detail-item-block\" data-v-527ba4e4=\"\" data-block-id=\"icon-label-tourGuides\"><span class=\"text-atom text-atom--caption\" data-v-527ba4e4=\"\" data-v-4533c707=\"\"><span class=\"\" data-v-4533c707=\"\">German, Russian, English, Polish, Romanian<\/span><\/span><\/div>\n<h3 class=\"key-detail-item-block\" data-block-id=\"icon-label-tourGuides\"><span class=\"text-atom text-atom--caption\" data-v-527ba4e4=\"\" data-v-4533c707=\"\"><span class=\"\" data-v-4533c707=\"\"><span class=\"text-atom text-atom--body-strong\" data-v-527ba4e4=\"\" data-v-4533c707=\"\">Pickup optional<\/span><\/span><\/span><\/h3>\n<p class=\"key-detail-item-block\" data-block-id=\"icon-label-tourGuides\"><span class=\"text-atom text-atom--caption\" data-v-527ba4e4=\"\" data-v-4533c707=\"\"><span class=\"\" data-v-4533c707=\"\">our driver will pick you up from your hotel around 30 minutes before your scheduled tour time. Please contact the activity provider before the tour to confirm the exact pickup time.<\/span><\/span><\/p>\n<div id=\"row-highlights-point-header-content\" class=\"row container\" data-v-618ead3b=\"\" data-block-id=\"row-highlights-point-header-content\">\n<div class=\"row__column__wrapper\" data-v-618ead3b=\"\">\n<div class=\"row__column\" data-v-618ead3b=\"\">\n<div class=\"z-layout\" data-v-266e4934=\"\">\n<h2 id=\"highlights-point-header-text\" class=\"text-atom text-atom--title-3 text-atom\" data-block-id=\"highlights-point-header-text\" data-v-266e4934=\"\" data-v-25a6f21d=\"\" data-v-4533c707=\"\"><span class=\"\" data-v-4533c707=\"\">Highlights<\/span><\/h2>\n<\/div>\n<\/div>\n<\/div>\n<div class=\"row__column__wrapper\" data-v-618ead3b=\"\">\n<div class=\"row__column\" data-v-618ead3b=\"\">\n<div id=\"highlights-point\" class=\"text-list-block\" data-v-04fa1704=\"\" data-block-id=\"highlights-point\">\n<section class=\"toggle-content\" data-v-04fa1704=\"\" data-v-e761f4af=\"\">\n<div class=\"toggle-content__content\" data-v-e761f4af=\"\">\n<ul data-test-id=\"text-list-block-list\" data-v-04fa1704=\"\">\n<li data-v-04fa1704=\"\"><span class=\"text-atom text-atom--body\" data-v-04fa1704=\"\" data-v-4533c707=\"\"><span class=\"\" data-v-4533c707=\"\">Seeing Coral reefs<\/span><\/span><\/li>\n<li data-v-04fa1704=\"\"><span class=\"text-atom text-atom--body\" data-v-04fa1704=\"\" data-v-4533c707=\"\"><span class=\"\" data-v-4533c707=\"\">You may spot dolphins<\/span><\/span><\/li>\n<li data-v-04fa1704=\"\"><span class=\"text-atom text-atom--body\" data-v-04fa1704=\"\" data-v-4533c707=\"\"><span class=\"\" data-v-4533c707=\"\">being underwater without getting wet<\/span><\/span><\/li>\n<\/ul>\n<\/div>\n<\/section>\n<\/div>\n<\/div>\n<\/div>\n<\/div>\n<div id=\"highlights-point-bottom-spacer\" class=\"container\" data-block-id=\"highlights-point-bottom-spacer\"><\/div>\n<div id=\"row-full-description-header-content\" class=\"row container\" data-v-618ead3b=\"\" data-block-id=\"row-full-description-header-content\">\n<div class=\"row__column__wrapper\" data-v-618ead3b=\"\">\n<div class=\"row__column\" data-v-618ead3b=\"\">\n<div class=\"z-layout\" data-v-266e4934=\"\">\n<h2 id=\"full-description-header-text\" class=\"text-atom text-atom--title-3 text-atom\" data-block-id=\"full-description-header-text\" data-v-266e4934=\"\" data-v-25a6f21d=\"\" data-v-4533c707=\"\"><span class=\"\" data-v-4533c707=\"\">Full description<\/span><\/h2>\n<\/div>\n<\/div>\n<\/div>\n<div class=\"row__column__wrapper\" data-v-618ead3b=\"\">\n<div class=\"row__column\" data-v-618ead3b=\"\">\n<div id=\"full-description-text-list\" class=\"text-list-block\" data-v-04fa1704=\"\" data-block-id=\"full-description-text-list\">\n<section class=\"toggle-content\" data-v-04fa1704=\"\" data-v-e761f4af=\"\">\n<div class=\"toggle-content__content toggle-content__content--expanded toggle-content__content--packable\" data-v-e761f4af=\"\">\n<p>Discover the underwater wonders of the Red Sea on this semi-submarine cruise in Hurghada from an air-conditioned seat in an observation deck 3 meters below the sea level. Enjoy a fish-eye view of the multi-colored and fascinating exotic marine life of the Red Sea &#8211; vibrant reefs teeming with marine animals of every shape, size and color.<\/p>\n<p>&#8211; Depart the marina and cruise for 15 minutes to one of the best coral reefs near Hurghada coastline.<br \/>\n&#8211; Descending to an air-conditioned underwater glassed-walled observation deck, to view the extraordinary underwater world through huge panoramic windows from the comfort of your own seat for approximately 45 minutes<\/p>\n<p>&#8211; Snorkeling stop for 20-minutes then after we sail back to the Marina.<\/p>\n<\/div>\n<\/section>\n<\/div>\n<\/div>\n<\/div>\n<\/div>\n<p class=\"key-detail-item-block\" data-block-id=\"icon-label-tourGuides\"><span class=\"text-atom text-atom--caption\" data-v-527ba4e4=\"\" data-v-4533c707=\"\"><span class=\"\" data-v-4533c707=\"\">\u00a0\u00a0<\/span><\/span><\/p>\n<div id=\"icon-label-pickupInformation\" class=\"key-detail-item-block\" data-v-527ba4e4=\"\" data-block-id=\"icon-label-pickupInformation\"><\/div>\n<div id=\"icon-label-tourGuides\" class=\"key-detail-item-block\" data-v-527ba4e4=\"\" data-block-id=\"icon-label-tourGuides\"><\/div>\n<div id=\"icon-label-reserveNowPayLaterInformation\" class=\"key-detail-item-block\" data-v-527ba4e4=\"\" data-block-id=\"icon-label-reserveNowPayLaterInformation\"><\/div>\n<\/div>","protected":false},"excerpt":{"rendered":"<div class=\"z-layout\" data-v-266e4934=\"\"><span id=\"short-description-adp-text\" class=\"text-atom text-atom--body text-atom\" data-block-id=\"short-description-adp-text\" data-v-266e4934=\"\" data-v-25a6f21d=\"\" data-v-4533c707=\"\"><span class=\"\" data-v-4533c707=\"\">Join a tour from Hurghada and discover the wonders of the Red Sea on a cruise aboard a semi-submarine. Take a seat in an underwater observation deck before hopping into the water for some snorkeling.<\/span><\/span><\/div>","protected":false},"featured_media":10547,"comment_status":"open","ping_status":"closed","template":"","meta":[],"product_brand":[],"product_cat":[136],"product_tag":[],"class_list":{"0":"post-10544","1":"product","2":"type-product","3":"status-publish","4":"has-post-thumbnail","6":"product_cat-hurghada-excursions","8":"first","9":"instock","10":"shipping-taxable","11":"purchasable","12":"product-type-ovabrw_car_rental"},"_links":{"self":[{"href":"https:\/\/jazzegypttours.com\/ro\/wp-json\/wp\/v2\/product\/10544","targetHints":{"allow":["GET"]}}],"collection":[{"href":"https:\/\/jazzegypttours.com\/ro\/wp-json\/wp\/v2\/product"}],"about":[{"href":"https:\/\/jazzegypttours.com\/ro\/wp-json\/wp\/v2\/types\/product"}],"replies":[{"embeddable":true,"href":"https:\/\/jazzegypttours.com\/ro\/wp-json\/wp\/v2\/comments?post=10544"}],"wp:featuredmedia":[{"embeddable":true,"href":"https:\/\/jazzegypttours.com\/ro\/wp-json\/wp\/v2\/media\/10547"}],"wp:attachment":[{"href":"https:\/\/jazzegypttours.com\/ro\/wp-json\/wp\/v2\/media?parent=10544"}],"wp:term":[{"taxonomy":"product_brand","embeddable":true,"href":"https:\/\/jazzegypttours.com\/ro\/wp-json\/wp\/v2\/product_brand?post=10544"},{"taxonomy":"product_cat","embeddable":true,"href":"https:\/\/jazzegypttours.com\/ro\/wp-json\/wp\/v2\/product_cat?post=10544"},{"taxonomy":"product_tag","embeddable":true,"href":"https:\/\/jazzegypttours.com\/ro\/wp-json\/wp\/v2\/product_tag?post=10544"}],"curies":[{"name":"wp","href":"https:\/\/api.w.org\/{rel}","templated":true}]}}