{"id":10500,"date":"2026-02-04T17:40:41","date_gmt":"2026-02-04T17:40:41","guid":{"rendered":"https:\/\/jazzegypttours.com\/?post_type=product&#038;p=10500"},"modified":"2026-02-09T13:11:48","modified_gmt":"2026-02-09T13:11:48","slug":"hurghada-high-speed-sea-taxi-tour-to-orange-bay-or-magawish","status":"publish","type":"product","link":"https:\/\/jazzegypttours.com\/ro\/produs\/hurghada-high-speed-sea-taxi-tour-to-orange-bay-or-magawish\/","title":{"rendered":"Hurghada: High-Speed Sea Taxi Tour to Orange Bay or Magawish"},"content":{"rendered":"<div id=\"row-highlights-point-header-content\" class=\"row container\" data-v-618ead3b=\"\" data-block-id=\"row-highlights-point-header-content\">\n<div class=\"row__column__wrapper\" data-v-618ead3b=\"\">\n<div class=\"row__column\" data-v-618ead3b=\"\">\n<div class=\"z-layout\" data-v-266e4934=\"\">\n<h2 id=\"highlights-point-header-text\" class=\"text-atom text-atom--title-3 text-atom\" data-block-id=\"highlights-point-header-text\" data-v-266e4934=\"\" data-v-25a6f21d=\"\" data-v-4533c707=\"\"><span class=\"\" data-v-4533c707=\"\">Highlights<\/span><\/h2>\n<\/div>\n<\/div>\n<\/div>\n<div class=\"row__column__wrapper\" data-v-618ead3b=\"\">\n<div class=\"row__column\" data-v-618ead3b=\"\">\n<div id=\"highlights-point\" class=\"text-list-block\" data-v-04fa1704=\"\" data-block-id=\"highlights-point\">\n<section class=\"toggle-content\" data-v-04fa1704=\"\" data-v-e761f4af=\"\">\n<div class=\"toggle-content__content\" data-v-e761f4af=\"\">\n<ul data-test-id=\"text-list-block-list\" data-v-04fa1704=\"\">\n<li data-v-04fa1704=\"\"><span class=\"text-atom text-atom--body\" data-v-04fa1704=\"\" data-v-4533c707=\"\"><span class=\"\" data-v-4533c707=\"\">Feel the thrill of a high-speed boat ride taking you to Orange Bay Island<\/span><\/span><\/li>\n<li data-v-04fa1704=\"\"><span class=\"text-atom text-atom--body\" data-v-04fa1704=\"\" data-v-4533c707=\"\"><span class=\"\" data-v-4533c707=\"\">Customize your experience with options of 4 hours, or a full day<\/span><\/span><\/li>\n<li data-v-04fa1704=\"\"><span class=\"text-atom text-atom--body\" data-v-04fa1704=\"\" data-v-4533c707=\"\"><span class=\"\" data-v-4533c707=\"\">Feast on a delicious breakfast or lunch while kicking back on the island<\/span><\/span><\/li>\n<li data-v-04fa1704=\"\"><span class=\"text-atom text-atom--body\" data-v-04fa1704=\"\" data-v-4533c707=\"\"><span class=\"\" data-v-4533c707=\"\">Relax on pristine beaches and go swimming as you explore crystal-clear waters<\/span><\/span><\/li>\n<li data-v-04fa1704=\"\"><span class=\"text-atom text-atom--body\" data-v-04fa1704=\"\" data-v-4533c707=\"\"><span class=\"\" data-v-4533c707=\"\">Experience the exhilaration of parasailing and other fun water activities<\/span><\/span><\/li>\n<\/ul>\n<\/div>\n<\/section>\n<\/div>\n<\/div>\n<\/div>\n<\/div>\n<div id=\"highlights-point-bottom-spacer\" class=\"container\" data-block-id=\"highlights-point-bottom-spacer\"><\/div>\n<div class=\"z-layout\" data-v-266e4934=\"\">\n<div id=\"additional-details-separator-1-rectangle\" class=\"z-layout\" data-block-id=\"additional-details-separator-1-rectangle\" data-v-266e4934=\"\"><\/div>\n<\/div>\n<div id=\"full-description-top-spacer\" class=\"container\" data-block-id=\"full-description-top-spacer\"><\/div>\n<div id=\"row-full-description-header-content\" class=\"row container\" data-v-618ead3b=\"\" data-block-id=\"row-full-description-header-content\">\n<div class=\"row__column__wrapper\" data-v-618ead3b=\"\">\n<div class=\"row__column\" data-v-618ead3b=\"\">\n<div class=\"z-layout\" data-v-266e4934=\"\">\n<h2 id=\"full-description-header-text\" class=\"text-atom text-atom--title-3 text-atom\" data-block-id=\"full-description-header-text\" data-v-266e4934=\"\" data-v-25a6f21d=\"\" data-v-4533c707=\"\"><span class=\"\" data-v-4533c707=\"\">Full description<\/span><\/h2>\n<\/div>\n<\/div>\n<\/div>\n<div class=\"row__column__wrapper\" data-v-618ead3b=\"\">\n<div class=\"row__column\" data-v-618ead3b=\"\">\n<div id=\"full-description-text-list\" class=\"text-list-block\" data-v-04fa1704=\"\" data-block-id=\"full-description-text-list\">\n<section class=\"toggle-content\" data-v-04fa1704=\"\" data-v-e761f4af=\"\">\n<div class=\"toggle-content__content toggle-content__content--expanded toggle-content__content--packable\" data-v-e761f4af=\"\">\n<p><span class=\"text-atom text-atom--body\" data-test-id=\"single-text\" data-v-04fa1704=\"\" data-v-4533c707=\"\"><span class=\"\" data-v-4533c707=\"\">Your day will commence with a hassle-free pickup from your hotel, ensuring a seamless start to your exciting journey. Upon arrival at the harbour, our experienced team will provide you with essential instructions and details about the day&#8217;s itinerary, ensuring that you are fully prepared for the adventures that lie ahead.<\/span><\/span><\/p>\n<p>Power through the water on an exciting speedboat ride to picturesque Orange Bay or Magawish Island. Zoom across the sea on a rocket-like vessel powered by high power engines. Customize your experience with options of 4 hours, or a full day on one of the islands or 3 hours in orange &amp; 3 hours in magawish .<\/p>\n<p>Enjoy a swift 15 to 20-minute ride to Orange Bay or Magawish Island. Once there, explore crystal-clear waters, relax on pristine beaches, and partake in various activities tailored to your preference.<\/p>\n<p>Indulge in the option of taking breakfast or lunch on the island. Experience the exhilaration of parasailing and create unforgettable memories on this unique expedition.<\/p>\n<\/div>\n<\/section>\n<\/div>\n<div data-v-e761f4af=\"\">\n<table class=\"table table-bordered table-hover text-nowrap\">\n<tbody class=\"col-lg-12 col-xl-6 p-0\">\n<tr>\n<td class=\"font-weight-semibold\"><span class=\"font-weight-semibold\">Tour Price :<\/span><\/td>\n<td>35 euro<\/td>\n<\/tr>\n<tr>\n<td class=\"font-weight-semibold\"><span class=\"font-weight-semibold\">Tour LOCATION :<\/span><\/td>\n<td>Hurghada<\/td>\n<\/tr>\n<tr>\n<td class=\"font-weight-semibold\"><span class=\"font-weight-semibold\">Tour Length :<\/span><\/td>\n<td><span class=\"text-atom text-atom--body-strong\" data-v-527ba4e4=\"\" data-v-4533c707=\"\"><span class=\"\" data-v-4533c707=\"\">Duration 4 &#8211; 8 hours<\/span><\/span><span class=\"text-atom text-atom--caption\" data-v-527ba4e4=\"\" data-v-4533c707=\"\"><span class=\"\" data-v-4533c707=\"\">Check availability to see starting times<\/span><\/span><\/td>\n<\/tr>\n<tr>\n<td class=\"font-weight-semibold\"><span class=\"font-weight-semibold\">Pick Up Point :<\/span><\/td>\n<td>Your Hotel in Hurghada<\/td>\n<\/tr>\n<tr>\n<td class=\"font-weight-semibold\"><span class=\"font-weight-semibold\">Tour Guide :<\/span><\/td>\n<td>English, French, German, Russian<\/td>\n<\/tr>\n<tr>\n<td class=\"font-weight-semibold\"><span class=\"font-weight-semibold\">Cancellation policy :<\/span><\/td>\n<td><span class=\"text-atom text-atom--body-strong\" data-v-527ba4e4=\"\" data-v-4533c707=\"\"><span class=\"\" data-v-4533c707=\"\">Free cancellation<\/span><\/span><span class=\"text-atom text-atom--caption\" data-v-527ba4e4=\"\" data-v-4533c707=\"\"><span class=\"\" data-v-4533c707=\"\">Anuleaz\u0103 cu p\u00e2n\u0103 la 24 de ore \u00een avans pentru o rambursare integral\u0103.<\/span><\/span><\/td>\n<\/tr>\n<\/tbody>\n<\/table>\n<div id=\"row-not-suitable-for-header-content\" class=\"row container\" data-v-618ead3b=\"\" data-block-id=\"row-not-suitable-for-header-content\">\n<div class=\"row__column__wrapper\" data-v-618ead3b=\"\">\n<div class=\"row__column\" data-v-618ead3b=\"\">\n<div class=\"z-layout\" data-v-266e4934=\"\">\n<h2 id=\"not-suitable-for-header-text\" class=\"text-atom text-atom--title-3 text-atom\" data-block-id=\"not-suitable-for-header-text\" data-v-266e4934=\"\" data-v-25a6f21d=\"\" data-v-4533c707=\"\"><span class=\"\" data-v-4533c707=\"\">Not suitable for<\/span><\/h2>\n<\/div>\n<\/div>\n<\/div>\n<div class=\"row__column__wrapper\" data-v-618ead3b=\"\">\n<div class=\"row__column\" data-v-618ead3b=\"\">\n<div id=\"not-suitable-for-point\" class=\"text-list-block\" data-v-04fa1704=\"\" data-block-id=\"not-suitable-for-point\">\n<section class=\"toggle-content\" data-v-04fa1704=\"\" data-v-e761f4af=\"\">\n<div class=\"toggle-content__content\" data-v-e761f4af=\"\">\n<ul data-test-id=\"text-list-block-list\" data-v-04fa1704=\"\">\n<li data-v-04fa1704=\"\"><span class=\"text-atom text-atom--body\" data-v-04fa1704=\"\" data-v-4533c707=\"\"><span class=\"\" data-v-4533c707=\"\">People with back problem<\/span><\/span><\/li>\n<\/ul>\n<\/div>\n<\/section>\n<\/div>\n<\/div>\n<\/div>\n<\/div>\n<div id=\"row-important-information-header-content\" class=\"row container\" data-v-618ead3b=\"\" data-block-id=\"row-important-information-header-content\">\n<div class=\"row__column__wrapper\" data-v-618ead3b=\"\">\n<div class=\"row__column\" data-v-618ead3b=\"\">\n<div class=\"z-layout\" data-v-266e4934=\"\">\n<h2 id=\"important-information-header-text\" class=\"text-atom text-atom--title-3 text-atom\" data-block-id=\"important-information-header-text\" data-v-266e4934=\"\" data-v-25a6f21d=\"\" data-v-4533c707=\"\"><span class=\"\" data-v-4533c707=\"\">Important information<\/span><\/h2>\n<\/div>\n<\/div>\n<\/div>\n<div class=\"row__column__wrapper\" data-v-618ead3b=\"\">\n<div class=\"row__column\" data-v-618ead3b=\"\">\n<div class=\"z-layout\" data-v-266e4934=\"\">\n<h2 id=\"what-to-bring-header-text\" class=\"text-atom text-atom--body-strong text-atom\" data-block-id=\"what-to-bring-header-text\" data-v-266e4934=\"\" data-v-25a6f21d=\"\" data-v-4533c707=\"\"><span class=\"\" data-v-4533c707=\"\">What to bring<\/span><\/h2>\n<\/div>\n<div id=\"what-to-bring-point\" class=\"text-list-block\" data-v-04fa1704=\"\" data-block-id=\"what-to-bring-point\">\n<section class=\"toggle-content\" data-v-04fa1704=\"\" data-v-e761f4af=\"\">\n<div class=\"toggle-content__content toggle-content__content--expanded toggle-content__content--packable\" data-v-e761f4af=\"\">\n<ul data-test-id=\"text-list-block-list\" data-v-04fa1704=\"\">\n<li data-v-04fa1704=\"\"><span class=\"text-atom text-atom--body\" data-v-04fa1704=\"\" data-v-4533c707=\"\"><span class=\"\" data-v-4533c707=\"\">Hat<\/span><\/span><\/li>\n<li data-v-04fa1704=\"\"><span class=\"text-atom text-atom--body\" data-v-04fa1704=\"\" data-v-4533c707=\"\"><span class=\"\" data-v-4533c707=\"\">Swimwear<\/span><\/span><\/li>\n<li data-v-04fa1704=\"\"><span class=\"text-atom text-atom--body\" data-v-04fa1704=\"\" data-v-4533c707=\"\"><span class=\"\" data-v-4533c707=\"\">Towel<\/span><\/span><\/li>\n<li data-v-04fa1704=\"\"><span class=\"text-atom text-atom--body\" data-v-04fa1704=\"\" data-v-4533c707=\"\"><span class=\"\" data-v-4533c707=\"\">Camera<\/span><\/span><\/li>\n<li data-v-04fa1704=\"\"><span class=\"text-atom text-atom--body\" data-v-04fa1704=\"\" data-v-4533c707=\"\"><span class=\"\" data-v-4533c707=\"\">Sunscreen<\/span><\/span><\/li>\n<li data-v-04fa1704=\"\"><span class=\"text-atom text-atom--body\" data-v-04fa1704=\"\" data-v-4533c707=\"\"><span class=\"\" data-v-4533c707=\"\">Water<\/span><\/span><\/li>\n<li data-v-04fa1704=\"\"><span class=\"text-atom text-atom--body\" data-v-04fa1704=\"\" data-v-4533c707=\"\"><span class=\"\" data-v-4533c707=\"\">Cash<\/span><\/span><\/li>\n<\/ul>\n<\/div>\n<div class=\"toggle-content__label-placeholder toggle-content__label-btn-height\" data-v-e761f4af=\"\"><button class=\"c-button c-button--medium c-button--text c-button--text-standard toggle-content__button\" type=\"button\" data-v-e761f4af=\"\" aria-label=\"\"><span class=\"c-button__text\"><span class=\"text-atom text-atom--body-strong\" data-v-4533c707=\"\" data-v-04fa1704=\"\" data-test-id=\"expanded-button-text\"><span class=\"\" data-v-4533c707=\"\">See less<\/span><\/span><\/span><\/button><\/div>\n<\/section>\n<\/div>\n<div id=\"what-to-bring-section-bottom-spacer-1\" class=\"container\" data-block-id=\"what-to-bring-section-bottom-spacer-1\"><\/div>\n<div class=\"z-layout\" data-v-266e4934=\"\">\n<h2 id=\"not-allowed-header-text\" class=\"text-atom text-atom--body-strong text-atom\" data-block-id=\"not-allowed-header-text\" data-v-266e4934=\"\" data-v-25a6f21d=\"\" data-v-4533c707=\"\"><span class=\"\" data-v-4533c707=\"\">Not allowed<\/span><\/h2>\n<\/div>\n<div id=\"not-allowed-point\" class=\"text-list-block\" data-v-04fa1704=\"\" data-block-id=\"not-allowed-point\">\n<section class=\"toggle-content\" data-v-04fa1704=\"\" data-v-e761f4af=\"\">\n<div class=\"toggle-content__content\" data-v-e761f4af=\"\">\n<ul data-test-id=\"text-list-block-list\" data-v-04fa1704=\"\">\n<li data-v-04fa1704=\"\"><span class=\"text-atom text-atom--body\" data-v-04fa1704=\"\" data-v-4533c707=\"\"><span class=\"\" data-v-4533c707=\"\">Pets<\/span><\/span><\/li>\n<\/ul>\n<\/div>\n<\/section>\n<\/div>\n<div class=\"z-layout\" data-v-266e4934=\"\">\n<h2 id=\"good-to-know-header-text\" class=\"text-atom text-atom--body-strong text-atom\" data-block-id=\"good-to-know-header-text\" data-v-266e4934=\"\" data-v-25a6f21d=\"\" data-v-4533c707=\"\"><span class=\"\" data-v-4533c707=\"\">Know before you go<\/span><\/h2>\n<\/div>\n<div id=\"good-to-know-point\" class=\"text-list-block\" data-v-04fa1704=\"\" data-block-id=\"good-to-know-point\">\n<section class=\"toggle-content\" data-v-04fa1704=\"\" data-v-e761f4af=\"\">\n<div class=\"toggle-content__content toggle-content__content--expanded toggle-content__content--packable\" data-v-e761f4af=\"\">\n<ul data-test-id=\"text-list-block-list\" data-v-04fa1704=\"\">\n<li data-v-04fa1704=\"\"><span class=\"text-atom text-atom--body\" data-v-04fa1704=\"\" data-v-4533c707=\"\"><span class=\"\" data-v-4533c707=\"\">Please share your passport copy for daily permissions<\/span><\/span><\/li>\n<li data-v-04fa1704=\"\"><span class=\"text-atom text-atom--body\" data-v-04fa1704=\"\" data-v-4533c707=\"\"><span class=\"\" data-v-4533c707=\"\">Wear comfortable and suitable clothing for water activities<\/span><\/span><\/li>\n<li data-v-04fa1704=\"\"><span class=\"text-atom text-atom--body\" data-v-04fa1704=\"\" data-v-4533c707=\"\"><span class=\"\" data-v-4533c707=\"\">In Orange bay island no snorkeling while magawish island you can<\/span><\/span><\/li>\n<li data-v-04fa1704=\"\"><span class=\"text-atom text-atom--body\" data-v-04fa1704=\"\" data-v-4533c707=\"\"><span class=\"\" data-v-4533c707=\"\">The long-range pickup service from Makadi, Safaga, El Gouna, Sahl Hasheesh, and the Soma bay area\u2019s is available to book in the checkout process as an add-on<\/span><\/span><\/li>\n<\/ul>\n<\/div>\n<\/section>\n<\/div>\n<\/div>\n<\/div>\n<\/div>\n<\/div>\n<\/div>\n<\/div>\n<\/div>","protected":false},"excerpt":{"rendered":"<p>Highlights Feel the thrill of a high-speed boat ride taking you to Orange Bay Island Customize your experience with options of 4 hours, or a full day Feast on a delicious breakfast or lunch while kicking back on the island Relax on pristine beaches and go swimming as you explore crystal-clear waters Experience the exhilaration [&hellip;]<\/p>\n","protected":false},"featured_media":10501,"comment_status":"open","ping_status":"closed","template":"","meta":[],"product_brand":[],"product_cat":[136],"product_tag":[],"class_list":{"0":"post-10500","1":"product","2":"type-product","3":"status-publish","4":"has-post-thumbnail","6":"product_cat-hurghada-excursions","8":"first","9":"instock","10":"shipping-taxable","11":"purchasable","12":"product-type-ovabrw_car_rental"},"_links":{"self":[{"href":"https:\/\/jazzegypttours.com\/ro\/wp-json\/wp\/v2\/product\/10500","targetHints":{"allow":["GET"]}}],"collection":[{"href":"https:\/\/jazzegypttours.com\/ro\/wp-json\/wp\/v2\/product"}],"about":[{"href":"https:\/\/jazzegypttours.com\/ro\/wp-json\/wp\/v2\/types\/product"}],"replies":[{"embeddable":true,"href":"https:\/\/jazzegypttours.com\/ro\/wp-json\/wp\/v2\/comments?post=10500"}],"wp:featuredmedia":[{"embeddable":true,"href":"https:\/\/jazzegypttours.com\/ro\/wp-json\/wp\/v2\/media\/10501"}],"wp:attachment":[{"href":"https:\/\/jazzegypttours.com\/ro\/wp-json\/wp\/v2\/media?parent=10500"}],"wp:term":[{"taxonomy":"product_brand","embeddable":true,"href":"https:\/\/jazzegypttours.com\/ro\/wp-json\/wp\/v2\/product_brand?post=10500"},{"taxonomy":"product_cat","embeddable":true,"href":"https:\/\/jazzegypttours.com\/ro\/wp-json\/wp\/v2\/product_cat?post=10500"},{"taxonomy":"product_tag","embeddable":true,"href":"https:\/\/jazzegypttours.com\/ro\/wp-json\/wp\/v2\/product_tag?post=10500"}],"curies":[{"name":"wp","href":"https:\/\/api.w.org\/{rel}","templated":true}]}}